{"id":4377,"date":"2024-07-01T07:31:40","date_gmt":"2024-07-01T07:31:40","guid":{"rendered":"https:\/\/komsa.com.tr\/?page_id=4377"},"modified":"2024-07-01T07:46:58","modified_gmt":"2024-07-01T07:46:58","slug":"yatay-ve-dusey-trafik-isaretlerinin-olcumu-degerlendirilmesi-ve-raporlanmasi","status":"publish","type":"page","link":"https:\/\/komsa.com.tr\/?page_id=4377","title":{"rendered":"Yatay ve D\u00fc\u015fey Trafik \u0130\u015faretlerinin \u00d6l\u00e7\u00fcm\u00fc, De\u011ferlendirilmesi ve Raporlanmas\u0131"},"content":{"rendered":"\t\t<div data-elementor-type=\"wp-page\" data-elementor-id=\"4377\" class=\"elementor elementor-4377\" data-elementor-post-type=\"page\">\n\t\t\t\t\t\t<section class=\"elementor-section elementor-top-section elementor-element elementor-element-e0c2e93 elementor-section-boxed elementor-section-height-default elementor-section-height-default\" data-id=\"e0c2e93\" data-element_type=\"section\">\n\t\t\t\t\t\t<div class=\"elementor-container elementor-column-gap-default\">\n\t\t\t\t\t<div class=\"elementor-column elementor-col-100 elementor-top-column elementor-element elementor-element-62b1726\" data-id=\"62b1726\" data-element_type=\"column\">\n\t\t\t<div class=\"elementor-widget-wrap elementor-element-populated\">\n\t\t\t\t\t\t<div class=\"elementor-element elementor-element-be7a5df elementor-widget elementor-widget-heading\" data-id=\"be7a5df\" data-element_type=\"widget\" data-widget_type=\"heading.default\">\n\t\t\t\t<div class=\"elementor-widget-container\">\n\t\t\t\t\t<h1 class=\"elementor-heading-title elementor-size-medium\">Yatay ve D\u00fc\u015fey Trafik \u0130\u015faretlerinin \u00d6l\u00e7\u00fcm\u00fc, De\u011ferlendirilmesi ve Raporlanmas\u0131<\/h1>\t\t\t\t<\/div>\n\t\t\t\t<\/div>\n\t\t\t\t\t<\/div>\n\t\t<\/div>\n\t\t\t\t\t<\/div>\n\t\t<\/section>\n\t\t\t\t<section class=\"elementor-section elementor-top-section elementor-element elementor-element-51ec2d9 elementor-section-boxed elementor-section-height-default elementor-section-height-default\" data-id=\"51ec2d9\" data-element_type=\"section\">\n\t\t\t\t\t\t<div class=\"elementor-container elementor-column-gap-default\">\n\t\t\t\t\t<div class=\"elementor-column elementor-col-100 elementor-top-column elementor-element elementor-element-0b63ddc\" data-id=\"0b63ddc\" data-element_type=\"column\">\n\t\t\t<div class=\"elementor-widget-wrap elementor-element-populated\">\n\t\t\t\t\t\t<div class=\"elementor-element elementor-element-335656d elementor-widget elementor-widget-text-editor\" data-id=\"335656d\" data-element_type=\"widget\" data-widget_type=\"text-editor.default\">\n\t\t\t\t<div class=\"elementor-widget-container\">\n\t\t\t\t\t\t\t\t\t<h5><strong>KOMSA<\/strong>, Yol \u00c7izgi Boyas\u0131 ve Trafik Tabelalar\u0131 Reflektivite \u00d6l\u00e7\u00fcm Cihazlar\u0131 \u00fcreticisi Zehntner firmas\u0131n\u0131n T\u00fcrkiye tek yetkili temsilcisidir.<\/h5><h5>Bu kapsamda <strong>KOMSA<\/strong> taraf\u0131ndan Yol \u00c7izgi Boyalar\u0131n\u0131n ve Trafik \u0130\u015faret Levhalar\u0131n\u0131n Gece \/ G\u00fcnd\u00fcz G\u00f6r\u00fcn\u00fcrl\u00fck (Reflektivite &#8211; RL \/ QD) \u00f6l\u00e7\u00fcm cihazlar\u0131n\u0131n temini, \u00f6l\u00e7\u00fcmlerin yap\u0131lmas\u0131, analiz edilmesi hizmetleri verilmektedir.<\/h5>\t\t\t\t\t\t\t\t<\/div>\n\t\t\t\t<\/div>\n\t\t\t\t\t<\/div>\n\t\t<\/div>\n\t\t\t\t\t<\/div>\n\t\t<\/section>\n\t\t\t\t<section class=\"elementor-section elementor-top-section elementor-element elementor-element-d95c297 elementor-section-boxed elementor-section-height-default elementor-section-height-default\" data-id=\"d95c297\" data-element_type=\"section\">\n\t\t\t\t\t\t<div class=\"elementor-container elementor-column-gap-default\">\n\t\t\t\t\t<div class=\"elementor-column elementor-col-100 elementor-top-column elementor-element elementor-element-8d3142c\" data-id=\"8d3142c\" data-element_type=\"column\">\n\t\t\t<div class=\"elementor-widget-wrap elementor-element-populated\">\n\t\t\t\t\t\t<div class=\"elementor-element elementor-element-6b83893 elementor-widget elementor-widget-heading\" data-id=\"6b83893\" data-element_type=\"widget\" data-widget_type=\"heading.default\">\n\t\t\t\t<div class=\"elementor-widget-container\">\n\t\t\t\t\t<h1 class=\"elementor-heading-title elementor-size-small\">Yol \u00c7izgi Boyas\u0131 Reflektivite \u00d6l\u00e7\u00fcm Cihazlar\u0131<\/h1>\t\t\t\t<\/div>\n\t\t\t\t<\/div>\n\t\t\t\t\t<\/div>\n\t\t<\/div>\n\t\t\t\t\t<\/div>\n\t\t<\/section>\n\t\t\t\t<section class=\"elementor-section elementor-top-section elementor-element elementor-element-493496b elementor-section-boxed elementor-section-height-default elementor-section-height-default\" data-id=\"493496b\" data-element_type=\"section\">\n\t\t\t\t\t\t<div class=\"elementor-container elementor-column-gap-default\">\n\t\t\t\t\t<div class=\"elementor-column elementor-col-100 elementor-top-column elementor-element elementor-element-83008b4\" data-id=\"83008b4\" data-element_type=\"column\">\n\t\t\t<div class=\"elementor-widget-wrap elementor-element-populated\">\n\t\t\t\t\t\t<div class=\"elementor-element elementor-element-f6a9b26 elementor-widget elementor-widget-image\" data-id=\"f6a9b26\" data-element_type=\"widget\" data-widget_type=\"image.default\">\n\t\t\t\t<div class=\"elementor-widget-container\">\n\t\t\t\t\t\t\t\t\t\t\t\t\t\t\t<img fetchpriority=\"high\" decoding=\"async\" width=\"800\" height=\"411\" src=\"https:\/\/komsa.com.tr\/wp-content\/uploads\/2024\/07\/1-1024x526.png\" class=\"attachment-large size-large wp-image-4381\" alt=\"\" srcset=\"https:\/\/komsa.com.tr\/wp-content\/uploads\/2024\/07\/1-1024x526.png 1024w, https:\/\/komsa.com.tr\/wp-content\/uploads\/2024\/07\/1-300x154.png 300w, https:\/\/komsa.com.tr\/wp-content\/uploads\/2024\/07\/1-768x394.png 768w, https:\/\/komsa.com.tr\/wp-content\/uploads\/2024\/07\/1.png 1058w\" sizes=\"(max-width: 800px) 100vw, 800px\" \/>\t\t\t\t\t\t\t\t\t\t\t\t\t\t\t<\/div>\n\t\t\t\t<\/div>\n\t\t\t\t\t<\/div>\n\t\t<\/div>\n\t\t\t\t\t<\/div>\n\t\t<\/section>\n\t\t\t\t<section class=\"elementor-section elementor-top-section elementor-element elementor-element-6028655 elementor-section-boxed elementor-section-height-default elementor-section-height-default\" data-id=\"6028655\" data-element_type=\"section\">\n\t\t\t\t\t\t<div class=\"elementor-container elementor-column-gap-default\">\n\t\t\t\t\t<div class=\"elementor-column elementor-col-100 elementor-top-column elementor-element elementor-element-bdbd1f7\" data-id=\"bdbd1f7\" data-element_type=\"column\">\n\t\t\t<div class=\"elementor-widget-wrap elementor-element-populated\">\n\t\t\t\t\t\t<div class=\"elementor-element elementor-element-375b2bc elementor-widget elementor-widget-image\" data-id=\"375b2bc\" data-element_type=\"widget\" data-widget_type=\"image.default\">\n\t\t\t\t<div class=\"elementor-widget-container\">\n\t\t\t\t\t\t\t\t\t\t\t\t\t\t\t<img decoding=\"async\" width=\"300\" height=\"180\" src=\"https:\/\/komsa.com.tr\/wp-content\/uploads\/2024\/07\/2-300x180.png\" class=\"attachment-medium size-medium wp-image-4382\" alt=\"\" srcset=\"https:\/\/komsa.com.tr\/wp-content\/uploads\/2024\/07\/2-300x180.png 300w, https:\/\/komsa.com.tr\/wp-content\/uploads\/2024\/07\/2.png 441w\" sizes=\"(max-width: 300px) 100vw, 300px\" \/>\t\t\t\t\t\t\t\t\t\t\t\t\t\t\t<\/div>\n\t\t\t\t<\/div>\n\t\t\t\t\t<\/div>\n\t\t<\/div>\n\t\t\t\t\t<\/div>\n\t\t<\/section>\n\t\t\t\t<section class=\"elementor-section elementor-top-section elementor-element elementor-element-3c750e2 elementor-section-boxed elementor-section-height-default elementor-section-height-default\" data-id=\"3c750e2\" data-element_type=\"section\">\n\t\t\t\t\t\t<div class=\"elementor-container elementor-column-gap-default\">\n\t\t\t\t\t<div class=\"elementor-column elementor-col-100 elementor-top-column elementor-element elementor-element-cc6e0b0\" data-id=\"cc6e0b0\" data-element_type=\"column\">\n\t\t\t<div class=\"elementor-widget-wrap elementor-element-populated\">\n\t\t\t\t\t\t<div class=\"elementor-element elementor-element-45378e2 elementor-widget elementor-widget-image\" data-id=\"45378e2\" data-element_type=\"widget\" data-widget_type=\"image.default\">\n\t\t\t\t<div class=\"elementor-widget-container\">\n\t\t\t\t\t\t\t\t\t\t\t\t\t\t\t<img decoding=\"async\" width=\"800\" height=\"313\" src=\"https:\/\/komsa.com.tr\/wp-content\/uploads\/2024\/07\/3.png\" class=\"attachment-large size-large wp-image-4383\" alt=\"\" srcset=\"https:\/\/komsa.com.tr\/wp-content\/uploads\/2024\/07\/3.png 978w, https:\/\/komsa.com.tr\/wp-content\/uploads\/2024\/07\/3-300x117.png 300w, https:\/\/komsa.com.tr\/wp-content\/uploads\/2024\/07\/3-768x301.png 768w\" sizes=\"(max-width: 800px) 100vw, 800px\" \/>\t\t\t\t\t\t\t\t\t\t\t\t\t\t\t<\/div>\n\t\t\t\t<\/div>\n\t\t\t\t\t<\/div>\n\t\t<\/div>\n\t\t\t\t\t<\/div>\n\t\t<\/section>\n\t\t\t\t<section class=\"elementor-section elementor-top-section elementor-element elementor-element-91798a4 elementor-section-boxed elementor-section-height-default elementor-section-height-default\" data-id=\"91798a4\" data-element_type=\"section\">\n\t\t\t\t\t\t<div class=\"elementor-container elementor-column-gap-default\">\n\t\t\t\t\t<div class=\"elementor-column elementor-col-100 elementor-top-column elementor-element elementor-element-dbcf3b7\" data-id=\"dbcf3b7\" data-element_type=\"column\">\n\t\t\t<div class=\"elementor-widget-wrap elementor-element-populated\">\n\t\t\t\t\t\t<div class=\"elementor-element elementor-element-2e250e0 elementor-widget elementor-widget-heading\" data-id=\"2e250e0\" data-element_type=\"widget\" data-widget_type=\"heading.default\">\n\t\t\t\t<div class=\"elementor-widget-container\">\n\t\t\t\t\t<h1 class=\"elementor-heading-title elementor-size-small\">Trafik \u0130\u015faret Levhalar\u0131 Reflektivite \u00d6l\u00e7\u00fcm Cihazlar\u0131<\/h1>\t\t\t\t<\/div>\n\t\t\t\t<\/div>\n\t\t\t\t\t<\/div>\n\t\t<\/div>\n\t\t\t\t\t<\/div>\n\t\t<\/section>\n\t\t\t\t<section class=\"elementor-section elementor-top-section elementor-element elementor-element-a15bf9d elementor-section-boxed elementor-section-height-default elementor-section-height-default\" data-id=\"a15bf9d\" data-element_type=\"section\">\n\t\t\t\t\t\t<div class=\"elementor-container elementor-column-gap-default\">\n\t\t\t\t\t<div class=\"elementor-column elementor-col-100 elementor-top-column elementor-element elementor-element-9dcba86\" data-id=\"9dcba86\" data-element_type=\"column\">\n\t\t\t<div class=\"elementor-widget-wrap elementor-element-populated\">\n\t\t\t\t\t\t<div class=\"elementor-element elementor-element-7875244 elementor-widget elementor-widget-text-editor\" data-id=\"7875244\" data-element_type=\"widget\" data-widget_type=\"text-editor.default\">\n\t\t\t\t<div class=\"elementor-widget-container\">\n\t\t\t\t\t\t\t\t\t<p><em>Zehntner ZRS 6060 &#8211; Trafik \u0130\u015faret Levhas\u0131 Reflektivite \u00d6l\u00e7\u00fcm\u00fc El Cihaz\u0131<\/em><\/p>\t\t\t\t\t\t\t\t<\/div>\n\t\t\t\t<\/div>\n\t\t\t\t\t<\/div>\n\t\t<\/div>\n\t\t\t\t\t<\/div>\n\t\t<\/section>\n\t\t\t\t<section class=\"elementor-section elementor-top-section elementor-element elementor-element-f98a884 elementor-section-boxed elementor-section-height-default elementor-section-height-default\" data-id=\"f98a884\" data-element_type=\"section\">\n\t\t\t\t\t\t<div class=\"elementor-container elementor-column-gap-default\">\n\t\t\t\t\t<div class=\"elementor-column elementor-col-50 elementor-top-column elementor-element elementor-element-c2af1f9\" data-id=\"c2af1f9\" data-element_type=\"column\">\n\t\t\t<div class=\"elementor-widget-wrap elementor-element-populated\">\n\t\t\t\t\t\t<div class=\"elementor-element elementor-element-954e1a6 elementor-widget elementor-widget-image\" data-id=\"954e1a6\" data-element_type=\"widget\" data-widget_type=\"image.default\">\n\t\t\t\t<div class=\"elementor-widget-container\">\n\t\t\t\t\t\t\t\t\t\t\t\t\t\t\t<img loading=\"lazy\" decoding=\"async\" width=\"313\" height=\"478\" src=\"https:\/\/komsa.com.tr\/wp-content\/uploads\/2024\/07\/4.png\" class=\"attachment-large size-large wp-image-4384\" alt=\"\" srcset=\"https:\/\/komsa.com.tr\/wp-content\/uploads\/2024\/07\/4.png 313w, https:\/\/komsa.com.tr\/wp-content\/uploads\/2024\/07\/4-196x300.png 196w\" sizes=\"(max-width: 313px) 100vw, 313px\" \/>\t\t\t\t\t\t\t\t\t\t\t\t\t\t\t<\/div>\n\t\t\t\t<\/div>\n\t\t\t\t\t<\/div>\n\t\t<\/div>\n\t\t\t\t<div class=\"elementor-column elementor-col-50 elementor-top-column elementor-element elementor-element-b622250\" data-id=\"b622250\" data-element_type=\"column\">\n\t\t\t<div class=\"elementor-widget-wrap elementor-element-populated\">\n\t\t\t\t\t\t<div class=\"elementor-element elementor-element-2496440 elementor-widget elementor-widget-image\" data-id=\"2496440\" data-element_type=\"widget\" data-widget_type=\"image.default\">\n\t\t\t\t<div class=\"elementor-widget-container\">\n\t\t\t\t\t\t\t\t\t\t\t\t\t\t\t<img loading=\"lazy\" decoding=\"async\" width=\"506\" height=\"474\" src=\"https:\/\/komsa.com.tr\/wp-content\/uploads\/2024\/07\/5.png\" class=\"attachment-large size-large wp-image-4385\" alt=\"\" srcset=\"https:\/\/komsa.com.tr\/wp-content\/uploads\/2024\/07\/5.png 506w, https:\/\/komsa.com.tr\/wp-content\/uploads\/2024\/07\/5-300x281.png 300w\" sizes=\"(max-width: 506px) 100vw, 506px\" \/>\t\t\t\t\t\t\t\t\t\t\t\t\t\t\t<\/div>\n\t\t\t\t<\/div>\n\t\t\t\t\t<\/div>\n\t\t<\/div>\n\t\t\t\t\t<\/div>\n\t\t<\/section>\n\t\t\t\t<\/div>\n\t\t","protected":false},"excerpt":{"rendered":"<p>Yatay ve D\u00fc\u015fey Trafik \u0130\u015faretlerinin \u00d6l\u00e7\u00fcm\u00fc, De\u011ferlendirilmesi ve Raporlanmas\u0131 KOMSA, Yol \u00c7izgi Boyas\u0131 ve Trafik Tabelalar\u0131 Reflektivite \u00d6l\u00e7\u00fcm Cihazlar\u0131 \u00fcreticisi Zehntner firmas\u0131n\u0131n T\u00fcrkiye tek yetkili temsilcisidir. Bu kapsamda KOMSA taraf\u0131ndan Yol \u00c7izgi Boyalar\u0131n\u0131n ve Trafik \u0130\u015faret Levhalar\u0131n\u0131n Gece \/ G\u00fcnd\u00fcz G\u00f6r\u00fcn\u00fcrl\u00fck (Reflektivite &#8211; RL \/ QD) \u00f6l\u00e7\u00fcm cihazlar\u0131n\u0131n temini, \u00f6l\u00e7\u00fcmlerin yap\u0131lmas\u0131, analiz edilmesi hizmetleri verilmektedir. [&hellip;]<\/p>\n","protected":false},"author":2,"featured_media":0,"parent":0,"menu_order":0,"comment_status":"closed","ping_status":"closed","template":"","meta":{"footnotes":""},"class_list":["post-4377","page","type-page","status-publish","hentry"],"_links":{"self":[{"href":"https:\/\/komsa.com.tr\/index.php?rest_route=\/wp\/v2\/pages\/4377","targetHints":{"allow":["GET"]}}],"collection":[{"href":"https:\/\/komsa.com.tr\/index.php?rest_route=\/wp\/v2\/pages"}],"about":[{"href":"https:\/\/komsa.com.tr\/index.php?rest_route=\/wp\/v2\/types\/page"}],"author":[{"embeddable":true,"href":"https:\/\/komsa.com.tr\/index.php?rest_route=\/wp\/v2\/users\/2"}],"replies":[{"embeddable":true,"href":"https:\/\/komsa.com.tr\/index.php?rest_route=%2Fwp%2Fv2%2Fcomments&post=4377"}],"version-history":[{"count":12,"href":"https:\/\/komsa.com.tr\/index.php?rest_route=\/wp\/v2\/pages\/4377\/revisions"}],"predecessor-version":[{"id":4409,"href":"https:\/\/komsa.com.tr\/index.php?rest_route=\/wp\/v2\/pages\/4377\/revisions\/4409"}],"wp:attachment":[{"href":"https:\/\/komsa.com.tr\/index.php?rest_route=%2Fwp%2Fv2%2Fmedia&parent=4377"}],"curies":[{"name":"wp","href":"https:\/\/api.w.org\/{rel}","templated":true}]}}