{"id":4344,"date":"2024-07-01T07:01:40","date_gmt":"2024-07-01T07:01:40","guid":{"rendered":"https:\/\/komsa.com.tr\/?page_id=4344"},"modified":"2024-07-17T09:06:08","modified_gmt":"2024-07-17T09:06:08","slug":"ustyapi-yonetim-sistemleri-kurulumu-ve-isletilmesi","status":"publish","type":"page","link":"https:\/\/komsa.com.tr\/?page_id=4344","title":{"rendered":"\u00dcstyap\u0131 Y\u00f6netim Sistemleri Kurulumu ve \u0130\u015fletilmesi"},"content":{"rendered":"\t\t<div data-elementor-type=\"wp-page\" data-elementor-id=\"4344\" class=\"elementor elementor-4344\" data-elementor-post-type=\"page\">\n\t\t\t\t\t\t<section class=\"elementor-section elementor-top-section elementor-element elementor-element-c4dcbbb elementor-section-boxed elementor-section-height-default elementor-section-height-default\" data-id=\"c4dcbbb\" data-element_type=\"section\">\n\t\t\t\t\t\t<div class=\"elementor-container elementor-column-gap-default\">\n\t\t\t\t\t<div class=\"elementor-column elementor-col-100 elementor-top-column elementor-element elementor-element-286da30\" data-id=\"286da30\" data-element_type=\"column\">\n\t\t\t<div class=\"elementor-widget-wrap elementor-element-populated\">\n\t\t\t\t\t\t<div class=\"elementor-element elementor-element-2f08afa elementor-widget elementor-widget-heading\" data-id=\"2f08afa\" data-element_type=\"widget\" data-widget_type=\"heading.default\">\n\t\t\t\t<div class=\"elementor-widget-container\">\n\t\t\t\t\t<h1 class=\"elementor-heading-title elementor-size-medium\">\u00dcstyap\u0131 Y\u00f6netim Sistemleri Kurulumu ve \u0130\u015fletilmesi<\/h1>\t\t\t\t<\/div>\n\t\t\t\t<\/div>\n\t\t\t\t\t<\/div>\n\t\t<\/div>\n\t\t\t\t\t<\/div>\n\t\t<\/section>\n\t\t\t\t<section class=\"elementor-section elementor-top-section elementor-element elementor-element-c09acc7 elementor-section-boxed elementor-section-height-default elementor-section-height-default\" data-id=\"c09acc7\" data-element_type=\"section\">\n\t\t\t\t\t\t<div class=\"elementor-container elementor-column-gap-default\">\n\t\t\t\t\t<div class=\"elementor-column elementor-col-100 elementor-top-column elementor-element elementor-element-59df2b6\" data-id=\"59df2b6\" data-element_type=\"column\">\n\t\t\t<div class=\"elementor-widget-wrap elementor-element-populated\">\n\t\t\t\t\t\t<div class=\"elementor-element elementor-element-ba6ba49 elementor-widget elementor-widget-text-editor\" data-id=\"ba6ba49\" data-element_type=\"widget\" data-widget_type=\"text-editor.default\">\n\t\t\t\t<div class=\"elementor-widget-container\">\n\t\t\t\t\t\t\t\t\t<h5><strong>KOMSA,<\/strong> m\u00fchendislik ve yaz\u0131l\u0131m kadrosu ile yurti\u00e7i ve yurtd\u0131\u015f\u0131ndaki kurumlara ve \u00f6zel idarelere \u00dcstyap\u0131 Y\u00f6netim Sistemi Kurulumu ve \u0130\u015fletilmesi hizmeti vermektedir.<\/h5><h5>\u00dcstyap\u0131 Y\u00f6netim Sistemleri yollar\u0131n\/kaplamalar\u0131 mevcut durumunun saptanmas\u0131ndan sonra; gelece\u011fe y\u00f6nelik modellemeler ile hangi yola\/kaplamaya, ne zaman, ne t\u00fcr m\u00fcdahale yap\u0131laca\u011f\u0131n\u0131n maliyet etkin \u00e7\u00f6z\u00fcmler ile otomatik olarak saptand\u0131\u011f\u0131 bir sistemdir.<\/h5>\t\t\t\t\t\t\t\t<\/div>\n\t\t\t\t<\/div>\n\t\t\t\t\t<\/div>\n\t\t<\/div>\n\t\t\t\t\t<\/div>\n\t\t<\/section>\n\t\t\t\t<section class=\"elementor-section elementor-top-section elementor-element elementor-element-453737c elementor-section-boxed elementor-section-height-default elementor-section-height-default\" data-id=\"453737c\" data-element_type=\"section\">\n\t\t\t\t\t\t<div class=\"elementor-container elementor-column-gap-default\">\n\t\t\t\t\t<div class=\"elementor-column elementor-col-100 elementor-top-column elementor-element elementor-element-2b15896\" data-id=\"2b15896\" data-element_type=\"column\">\n\t\t\t<div class=\"elementor-widget-wrap elementor-element-populated\">\n\t\t\t\t\t\t<div class=\"elementor-element elementor-element-e9af456 elementor-widget elementor-widget-image\" data-id=\"e9af456\" data-element_type=\"widget\" data-widget_type=\"image.default\">\n\t\t\t\t<div class=\"elementor-widget-container\">\n\t\t\t\t\t\t\t\t\t\t\t\t\t\t\t<img fetchpriority=\"high\" decoding=\"async\" width=\"416\" height=\"322\" src=\"https:\/\/komsa.com.tr\/wp-content\/uploads\/2024\/07\/Resim11.png\" class=\"attachment-large size-large wp-image-4350\" alt=\"\" srcset=\"https:\/\/komsa.com.tr\/wp-content\/uploads\/2024\/07\/Resim11.png 416w, https:\/\/komsa.com.tr\/wp-content\/uploads\/2024\/07\/Resim11-300x232.png 300w\" sizes=\"(max-width: 416px) 100vw, 416px\" \/>\t\t\t\t\t\t\t\t\t\t\t\t\t\t\t<\/div>\n\t\t\t\t<\/div>\n\t\t\t\t\t<\/div>\n\t\t<\/div>\n\t\t\t\t\t<\/div>\n\t\t<\/section>\n\t\t\t\t<section class=\"elementor-section elementor-top-section elementor-element elementor-element-2518fc1 elementor-section-boxed elementor-section-height-default elementor-section-height-default\" data-id=\"2518fc1\" data-element_type=\"section\">\n\t\t\t\t\t\t<div class=\"elementor-container elementor-column-gap-default\">\n\t\t\t\t\t<div class=\"elementor-column elementor-col-100 elementor-top-column elementor-element elementor-element-13acaf0\" data-id=\"13acaf0\" data-element_type=\"column\">\n\t\t\t<div class=\"elementor-widget-wrap elementor-element-populated\">\n\t\t\t\t\t\t<div class=\"elementor-element elementor-element-c39dc5b elementor-widget elementor-widget-image\" data-id=\"c39dc5b\" data-element_type=\"widget\" data-widget_type=\"image.default\">\n\t\t\t\t<div class=\"elementor-widget-container\">\n\t\t\t\t\t\t\t\t\t\t\t\t\t\t\t<img decoding=\"async\" width=\"665\" height=\"440\" src=\"https:\/\/komsa.com.tr\/wp-content\/uploads\/2024\/07\/Resim22.png\" class=\"attachment-large size-large wp-image-4351\" alt=\"\" srcset=\"https:\/\/komsa.com.tr\/wp-content\/uploads\/2024\/07\/Resim22.png 665w, https:\/\/komsa.com.tr\/wp-content\/uploads\/2024\/07\/Resim22-300x198.png 300w\" sizes=\"(max-width: 665px) 100vw, 665px\" \/>\t\t\t\t\t\t\t\t\t\t\t\t\t\t\t<\/div>\n\t\t\t\t<\/div>\n\t\t\t\t\t<\/div>\n\t\t<\/div>\n\t\t\t\t\t<\/div>\n\t\t<\/section>\n\t\t\t\t<section class=\"elementor-section elementor-top-section elementor-element elementor-element-331378e elementor-section-boxed elementor-section-height-default elementor-section-height-default\" data-id=\"331378e\" data-element_type=\"section\">\n\t\t\t\t\t\t<div class=\"elementor-container elementor-column-gap-default\">\n\t\t\t\t\t<div class=\"elementor-column elementor-col-100 elementor-top-column elementor-element elementor-element-da1bd5c\" data-id=\"da1bd5c\" data-element_type=\"column\">\n\t\t\t<div class=\"elementor-widget-wrap elementor-element-populated\">\n\t\t\t\t\t\t<div class=\"elementor-element elementor-element-18822e6 elementor-widget elementor-widget-image\" data-id=\"18822e6\" data-element_type=\"widget\" data-widget_type=\"image.default\">\n\t\t\t\t<div class=\"elementor-widget-container\">\n\t\t\t\t\t\t\t\t\t\t\t\t\t\t\t<img decoding=\"async\" width=\"733\" height=\"424\" src=\"https:\/\/komsa.com.tr\/wp-content\/uploads\/2024\/07\/Resim33.png\" class=\"attachment-large size-large wp-image-4352\" alt=\"\" srcset=\"https:\/\/komsa.com.tr\/wp-content\/uploads\/2024\/07\/Resim33.png 733w, https:\/\/komsa.com.tr\/wp-content\/uploads\/2024\/07\/Resim33-300x174.png 300w\" sizes=\"(max-width: 733px) 100vw, 733px\" \/>\t\t\t\t\t\t\t\t\t\t\t\t\t\t\t<\/div>\n\t\t\t\t<\/div>\n\t\t\t\t\t<\/div>\n\t\t<\/div>\n\t\t\t\t\t<\/div>\n\t\t<\/section>\n\t\t\t\t<section class=\"elementor-section elementor-top-section elementor-element elementor-element-0e5d310 elementor-section-boxed elementor-section-height-default elementor-section-height-default\" data-id=\"0e5d310\" data-element_type=\"section\">\n\t\t\t\t\t\t<div class=\"elementor-container elementor-column-gap-default\">\n\t\t\t\t\t<div class=\"elementor-column elementor-col-100 elementor-top-column elementor-element elementor-element-3280b24\" data-id=\"3280b24\" data-element_type=\"column\">\n\t\t\t<div class=\"elementor-widget-wrap elementor-element-populated\">\n\t\t\t\t\t\t<div class=\"elementor-element elementor-element-0a4a180 elementor-widget elementor-widget-image\" data-id=\"0a4a180\" data-element_type=\"widget\" data-widget_type=\"image.default\">\n\t\t\t\t<div class=\"elementor-widget-container\">\n\t\t\t\t\t\t\t\t\t\t\t\t\t\t\t<img loading=\"lazy\" decoding=\"async\" width=\"4583\" height=\"1950\" src=\"https:\/\/komsa.com.tr\/wp-content\/uploads\/2024\/07\/Resim2-4.png\" class=\"attachment-full size-full wp-image-6549\" alt=\"\" srcset=\"https:\/\/komsa.com.tr\/wp-content\/uploads\/2024\/07\/Resim2-4.png 4583w, https:\/\/komsa.com.tr\/wp-content\/uploads\/2024\/07\/Resim2-4-300x128.png 300w, https:\/\/komsa.com.tr\/wp-content\/uploads\/2024\/07\/Resim2-4-1024x436.png 1024w, https:\/\/komsa.com.tr\/wp-content\/uploads\/2024\/07\/Resim2-4-768x327.png 768w, https:\/\/komsa.com.tr\/wp-content\/uploads\/2024\/07\/Resim2-4-1536x654.png 1536w, https:\/\/komsa.com.tr\/wp-content\/uploads\/2024\/07\/Resim2-4-2048x871.png 2048w\" sizes=\"(max-width: 4583px) 100vw, 4583px\" \/>\t\t\t\t\t\t\t\t\t\t\t\t\t\t\t<\/div>\n\t\t\t\t<\/div>\n\t\t\t\t\t<\/div>\n\t\t<\/div>\n\t\t\t\t\t<\/div>\n\t\t<\/section>\n\t\t\t\t<section class=\"elementor-section elementor-top-section elementor-element elementor-element-b5fe36f elementor-section-boxed elementor-section-height-default elementor-section-height-default\" data-id=\"b5fe36f\" data-element_type=\"section\">\n\t\t\t\t\t\t<div class=\"elementor-container elementor-column-gap-default\">\n\t\t\t\t\t<div class=\"elementor-column elementor-col-100 elementor-top-column elementor-element elementor-element-4374699\" data-id=\"4374699\" data-element_type=\"column\">\n\t\t\t<div class=\"elementor-widget-wrap elementor-element-populated\">\n\t\t\t\t\t\t<div class=\"elementor-element elementor-element-a9e1624 elementor-widget elementor-widget-image\" data-id=\"a9e1624\" data-element_type=\"widget\" data-widget_type=\"image.default\">\n\t\t\t\t<div class=\"elementor-widget-container\">\n\t\t\t\t\t\t\t\t\t\t\t\t\t\t\t<img loading=\"lazy\" decoding=\"async\" width=\"4583\" height=\"1906\" src=\"https:\/\/komsa.com.tr\/wp-content\/uploads\/2024\/07\/Resim3-2.png\" class=\"attachment-full size-full wp-image-6550\" alt=\"\" srcset=\"https:\/\/komsa.com.tr\/wp-content\/uploads\/2024\/07\/Resim3-2.png 4583w, https:\/\/komsa.com.tr\/wp-content\/uploads\/2024\/07\/Resim3-2-300x125.png 300w, https:\/\/komsa.com.tr\/wp-content\/uploads\/2024\/07\/Resim3-2-1024x426.png 1024w, https:\/\/komsa.com.tr\/wp-content\/uploads\/2024\/07\/Resim3-2-768x319.png 768w, https:\/\/komsa.com.tr\/wp-content\/uploads\/2024\/07\/Resim3-2-1536x639.png 1536w, https:\/\/komsa.com.tr\/wp-content\/uploads\/2024\/07\/Resim3-2-2048x852.png 2048w\" sizes=\"(max-width: 4583px) 100vw, 4583px\" \/>\t\t\t\t\t\t\t\t\t\t\t\t\t\t\t<\/div>\n\t\t\t\t<\/div>\n\t\t\t\t\t<\/div>\n\t\t<\/div>\n\t\t\t\t\t<\/div>\n\t\t<\/section>\n\t\t\t\t<\/div>\n\t\t","protected":false},"excerpt":{"rendered":"<p>\u00dcstyap\u0131 Y\u00f6netim Sistemleri Kurulumu ve \u0130\u015fletilmesi KOMSA, m\u00fchendislik ve yaz\u0131l\u0131m kadrosu ile yurti\u00e7i ve yurtd\u0131\u015f\u0131ndaki kurumlara ve \u00f6zel idarelere \u00dcstyap\u0131 Y\u00f6netim Sistemi Kurulumu ve \u0130\u015fletilmesi hizmeti vermektedir. \u00dcstyap\u0131 Y\u00f6netim Sistemleri yollar\u0131n\/kaplamalar\u0131 mevcut durumunun saptanmas\u0131ndan sonra; gelece\u011fe y\u00f6nelik modellemeler ile hangi yola\/kaplamaya, ne zaman, ne t\u00fcr m\u00fcdahale yap\u0131laca\u011f\u0131n\u0131n maliyet etkin \u00e7\u00f6z\u00fcmler ile otomatik olarak saptand\u0131\u011f\u0131 bir [&hellip;]<\/p>\n","protected":false},"author":2,"featured_media":0,"parent":0,"menu_order":0,"comment_status":"closed","ping_status":"closed","template":"","meta":{"footnotes":""},"class_list":["post-4344","page","type-page","status-publish","hentry"],"_links":{"self":[{"href":"https:\/\/komsa.com.tr\/index.php?rest_route=\/wp\/v2\/pages\/4344","targetHints":{"allow":["GET"]}}],"collection":[{"href":"https:\/\/komsa.com.tr\/index.php?rest_route=\/wp\/v2\/pages"}],"about":[{"href":"https:\/\/komsa.com.tr\/index.php?rest_route=\/wp\/v2\/types\/page"}],"author":[{"embeddable":true,"href":"https:\/\/komsa.com.tr\/index.php?rest_route=\/wp\/v2\/users\/2"}],"replies":[{"embeddable":true,"href":"https:\/\/komsa.com.tr\/index.php?rest_route=%2Fwp%2Fv2%2Fcomments&post=4344"}],"version-history":[{"count":52,"href":"https:\/\/komsa.com.tr\/index.php?rest_route=\/wp\/v2\/pages\/4344\/revisions"}],"predecessor-version":[{"id":6556,"href":"https:\/\/komsa.com.tr\/index.php?rest_route=\/wp\/v2\/pages\/4344\/revisions\/6556"}],"wp:attachment":[{"href":"https:\/\/komsa.com.tr\/index.php?rest_route=%2Fwp%2Fv2%2Fmedia&parent=4344"}],"curies":[{"name":"wp","href":"https:\/\/api.w.org\/{rel}","templated":true}]}}