{"id":4144,"date":"2024-06-28T15:19:19","date_gmt":"2024-06-28T15:19:19","guid":{"rendered":"https:\/\/komsa.com.tr\/?page_id=4144"},"modified":"2024-07-01T06:48:49","modified_gmt":"2024-07-01T06:48:49","slug":"ustyapi-bakim-onarim-takviye-analizi-ve-raporlanmasi","status":"publish","type":"page","link":"https:\/\/komsa.com.tr\/?page_id=4144","title":{"rendered":"\u00dcstyap\u0131 Bak\u0131m-Onar\u0131m, Takviye Analizi ve Raporlanmas\u0131"},"content":{"rendered":"\t\t<div data-elementor-type=\"wp-page\" data-elementor-id=\"4144\" class=\"elementor elementor-4144\" data-elementor-post-type=\"page\">\n\t\t\t\t\t\t<section class=\"elementor-section elementor-top-section elementor-element elementor-element-9b3ce83 elementor-section-boxed elementor-section-height-default elementor-section-height-default\" data-id=\"9b3ce83\" data-element_type=\"section\">\n\t\t\t\t\t\t<div class=\"elementor-container elementor-column-gap-default\">\n\t\t\t\t\t<div class=\"elementor-column elementor-col-100 elementor-top-column elementor-element elementor-element-b5baa43\" data-id=\"b5baa43\" data-element_type=\"column\">\n\t\t\t<div class=\"elementor-widget-wrap elementor-element-populated\">\n\t\t\t\t\t\t<div class=\"elementor-element elementor-element-f321ad3 elementor-widget elementor-widget-heading\" data-id=\"f321ad3\" data-element_type=\"widget\" data-widget_type=\"heading.default\">\n\t\t\t\t<div class=\"elementor-widget-container\">\n\t\t\t\t\t<h1 class=\"elementor-heading-title elementor-size-medium\">\u00dcstyap\u0131 Bak\u0131m-Onar\u0131m, Takviye Analizi ve Raporlanmas\u0131 <\/h1>\t\t\t\t<\/div>\n\t\t\t\t<\/div>\n\t\t\t\t\t<\/div>\n\t\t<\/div>\n\t\t\t\t\t<\/div>\n\t\t<\/section>\n\t\t\t\t<section class=\"elementor-section elementor-top-section elementor-element elementor-element-ce1348e elementor-section-boxed elementor-section-height-default elementor-section-height-default\" data-id=\"ce1348e\" data-element_type=\"section\">\n\t\t\t\t\t\t<div class=\"elementor-container elementor-column-gap-default\">\n\t\t\t\t\t<div class=\"elementor-column elementor-col-100 elementor-top-column elementor-element elementor-element-a8c4014\" data-id=\"a8c4014\" data-element_type=\"column\">\n\t\t\t<div class=\"elementor-widget-wrap elementor-element-populated\">\n\t\t\t\t\t\t<div class=\"elementor-element elementor-element-3edf411 elementor-widget elementor-widget-text-editor\" data-id=\"3edf411\" data-element_type=\"widget\" data-widget_type=\"text-editor.default\">\n\t\t\t\t<div class=\"elementor-widget-container\">\n\t\t\t\t\t\t\t\t\t<h5><strong>KOMSA<\/strong> uzman teknik kadrosu ile Karayolu Yol \u00dcstyap\u0131lar\u0131 ve Havaalan\u0131 Kaplamalar\u0131nda yap\u0131lan laboratuvar ve tahribats\u0131z testlerin analizini yaparak mevcut durumun ortaya konulmas\u0131, sorunlu kesimlerin belirlenmesi ve \u00e7\u00f6z\u00fcm \u00f6nerilerinin olu\u015fturulmas\u0131 i\u015flemlerini i\u00e7eren Bak\u0131m-Onar\u0131m, Takviye analizlerinin yap\u0131lmas\u0131, kaplama tasar\u0131mlar\u0131n\u0131n yap\u0131lmas\u0131 ve raporlanmas\u0131 hizmetlerini sa\u011flamaktad\u0131r.<\/h5>\t\t\t\t\t\t\t\t<\/div>\n\t\t\t\t<\/div>\n\t\t\t\t\t<\/div>\n\t\t<\/div>\n\t\t\t\t\t<\/div>\n\t\t<\/section>\n\t\t\t\t<section class=\"elementor-section elementor-top-section elementor-element elementor-element-213c696 elementor-section-boxed elementor-section-height-default elementor-section-height-default\" data-id=\"213c696\" data-element_type=\"section\">\n\t\t\t\t\t\t<div class=\"elementor-container elementor-column-gap-default\">\n\t\t\t\t\t<div class=\"elementor-column elementor-col-100 elementor-top-column elementor-element elementor-element-3b769cb\" data-id=\"3b769cb\" data-element_type=\"column\">\n\t\t\t<div class=\"elementor-widget-wrap elementor-element-populated\">\n\t\t\t\t\t\t<div class=\"elementor-element elementor-element-577ebbe elementor-widget elementor-widget-image\" data-id=\"577ebbe\" data-element_type=\"widget\" data-widget_type=\"image.default\">\n\t\t\t\t<div class=\"elementor-widget-container\">\n\t\t\t\t\t\t\t\t\t\t\t\t\t\t\t<img fetchpriority=\"high\" decoding=\"async\" width=\"800\" height=\"324\" src=\"https:\/\/komsa.com.tr\/wp-content\/uploads\/2024\/07\/Resim1-1024x415.png\" class=\"attachment-large size-large wp-image-4298\" alt=\"\" srcset=\"https:\/\/komsa.com.tr\/wp-content\/uploads\/2024\/07\/Resim1-1024x415.png 1024w, https:\/\/komsa.com.tr\/wp-content\/uploads\/2024\/07\/Resim1-300x121.png 300w, https:\/\/komsa.com.tr\/wp-content\/uploads\/2024\/07\/Resim1-768x311.png 768w, https:\/\/komsa.com.tr\/wp-content\/uploads\/2024\/07\/Resim1-1170x475.png 1170w, https:\/\/komsa.com.tr\/wp-content\/uploads\/2024\/07\/Resim1.png 1173w\" sizes=\"(max-width: 800px) 100vw, 800px\" \/>\t\t\t\t\t\t\t\t\t\t\t\t\t\t\t<\/div>\n\t\t\t\t<\/div>\n\t\t\t\t\t<\/div>\n\t\t<\/div>\n\t\t\t\t\t<\/div>\n\t\t<\/section>\n\t\t\t\t<section class=\"elementor-section elementor-top-section elementor-element elementor-element-da61cb0 elementor-section-boxed elementor-section-height-default elementor-section-height-default\" data-id=\"da61cb0\" data-element_type=\"section\">\n\t\t\t\t\t\t<div class=\"elementor-container elementor-column-gap-default\">\n\t\t\t\t\t<div class=\"elementor-column elementor-col-100 elementor-top-column elementor-element elementor-element-3e10d1e\" data-id=\"3e10d1e\" data-element_type=\"column\">\n\t\t\t<div class=\"elementor-widget-wrap elementor-element-populated\">\n\t\t\t\t\t\t<div class=\"elementor-element elementor-element-3b2d988 elementor-widget elementor-widget-image\" data-id=\"3b2d988\" data-element_type=\"widget\" data-widget_type=\"image.default\">\n\t\t\t\t<div class=\"elementor-widget-container\">\n\t\t\t\t\t\t\t\t\t\t\t\t\t\t\t<img decoding=\"async\" src=\"https:\/\/komsa.com.tr\/wp-content\/uploads\/elementor\/thumbs\/Resim2-qqghvnz9z1h5xtk8f7gyju3qyzh12wemzqkrdv4hhw.png\" title=\"Resim2\" alt=\"Resim2\" loading=\"lazy\" \/>\t\t\t\t\t\t\t\t\t\t\t\t\t\t\t<\/div>\n\t\t\t\t<\/div>\n\t\t\t\t\t<\/div>\n\t\t<\/div>\n\t\t\t\t\t<\/div>\n\t\t<\/section>\n\t\t\t\t<section class=\"elementor-section elementor-top-section elementor-element elementor-element-25fc93e elementor-section-boxed elementor-section-height-default elementor-section-height-default\" data-id=\"25fc93e\" data-element_type=\"section\">\n\t\t\t\t\t\t<div class=\"elementor-container elementor-column-gap-default\">\n\t\t\t\t\t<div class=\"elementor-column elementor-col-50 elementor-top-column elementor-element elementor-element-617726c\" data-id=\"617726c\" data-element_type=\"column\">\n\t\t\t<div class=\"elementor-widget-wrap elementor-element-populated\">\n\t\t\t\t\t\t<div class=\"elementor-element elementor-element-0004d0e elementor-widget elementor-widget-image\" data-id=\"0004d0e\" data-element_type=\"widget\" data-widget_type=\"image.default\">\n\t\t\t\t<div class=\"elementor-widget-container\">\n\t\t\t\t\t\t\t\t\t\t\t\t\t\t\t<img decoding=\"async\" width=\"800\" height=\"435\" src=\"https:\/\/komsa.com.tr\/wp-content\/uploads\/2024\/07\/Resim3.png\" class=\"attachment-large size-large wp-image-4300\" alt=\"\" srcset=\"https:\/\/komsa.com.tr\/wp-content\/uploads\/2024\/07\/Resim3.png 1009w, https:\/\/komsa.com.tr\/wp-content\/uploads\/2024\/07\/Resim3-300x163.png 300w, https:\/\/komsa.com.tr\/wp-content\/uploads\/2024\/07\/Resim3-768x418.png 768w\" sizes=\"(max-width: 800px) 100vw, 800px\" \/>\t\t\t\t\t\t\t\t\t\t\t\t\t\t\t<\/div>\n\t\t\t\t<\/div>\n\t\t\t\t\t<\/div>\n\t\t<\/div>\n\t\t\t\t<div class=\"elementor-column elementor-col-50 elementor-top-column elementor-element elementor-element-f2edac7\" data-id=\"f2edac7\" data-element_type=\"column\">\n\t\t\t<div class=\"elementor-widget-wrap elementor-element-populated\">\n\t\t\t\t\t\t<div class=\"elementor-element elementor-element-9cd38c3 elementor-widget elementor-widget-image\" data-id=\"9cd38c3\" data-element_type=\"widget\" data-widget_type=\"image.default\">\n\t\t\t\t<div class=\"elementor-widget-container\">\n\t\t\t\t\t\t\t\t\t\t\t\t\t\t\t<img decoding=\"async\" width=\"800\" height=\"437\" src=\"https:\/\/komsa.com.tr\/wp-content\/uploads\/2024\/07\/Resim4.png\" class=\"attachment-large size-large wp-image-4301\" alt=\"\" srcset=\"https:\/\/komsa.com.tr\/wp-content\/uploads\/2024\/07\/Resim4.png 1009w, https:\/\/komsa.com.tr\/wp-content\/uploads\/2024\/07\/Resim4-300x164.png 300w, https:\/\/komsa.com.tr\/wp-content\/uploads\/2024\/07\/Resim4-768x419.png 768w\" sizes=\"(max-width: 800px) 100vw, 800px\" \/>\t\t\t\t\t\t\t\t\t\t\t\t\t\t\t<\/div>\n\t\t\t\t<\/div>\n\t\t\t\t\t<\/div>\n\t\t<\/div>\n\t\t\t\t\t<\/div>\n\t\t<\/section>\n\t\t\t\t<section class=\"elementor-section elementor-top-section elementor-element elementor-element-8c71929 elementor-section-boxed elementor-section-height-default elementor-section-height-default\" data-id=\"8c71929\" data-element_type=\"section\">\n\t\t\t\t\t\t<div class=\"elementor-container elementor-column-gap-default\">\n\t\t\t\t\t<div class=\"elementor-column elementor-col-100 elementor-top-column elementor-element elementor-element-46602e8\" data-id=\"46602e8\" data-element_type=\"column\">\n\t\t\t<div class=\"elementor-widget-wrap elementor-element-populated\">\n\t\t\t\t\t\t<div class=\"elementor-element elementor-element-c0c658d elementor-widget elementor-widget-image\" data-id=\"c0c658d\" data-element_type=\"widget\" data-widget_type=\"image.default\">\n\t\t\t\t<div class=\"elementor-widget-container\">\n\t\t\t\t\t\t\t\t\t\t\t\t\t\t\t<img loading=\"lazy\" decoding=\"async\" width=\"800\" height=\"435\" src=\"https:\/\/komsa.com.tr\/wp-content\/uploads\/2024\/07\/Resim5.png\" class=\"attachment-large size-large wp-image-4302\" alt=\"\" srcset=\"https:\/\/komsa.com.tr\/wp-content\/uploads\/2024\/07\/Resim5.png 1004w, https:\/\/komsa.com.tr\/wp-content\/uploads\/2024\/07\/Resim5-300x163.png 300w, https:\/\/komsa.com.tr\/wp-content\/uploads\/2024\/07\/Resim5-768x418.png 768w\" sizes=\"(max-width: 800px) 100vw, 800px\" \/>\t\t\t\t\t\t\t\t\t\t\t\t\t\t\t<\/div>\n\t\t\t\t<\/div>\n\t\t\t\t\t<\/div>\n\t\t<\/div>\n\t\t\t\t\t<\/div>\n\t\t<\/section>\n\t\t\t\t<section class=\"elementor-section elementor-top-section elementor-element elementor-element-fd18379 elementor-section-boxed elementor-section-height-default elementor-section-height-default\" data-id=\"fd18379\" data-element_type=\"section\">\n\t\t\t\t\t\t<div class=\"elementor-container elementor-column-gap-default\">\n\t\t\t\t\t<div class=\"elementor-column elementor-col-50 elementor-top-column elementor-element elementor-element-e1e1d2d\" data-id=\"e1e1d2d\" data-element_type=\"column\">\n\t\t\t<div class=\"elementor-widget-wrap elementor-element-populated\">\n\t\t\t\t\t\t<div class=\"elementor-element elementor-element-c1c263e elementor-widget elementor-widget-image\" data-id=\"c1c263e\" data-element_type=\"widget\" data-widget_type=\"image.default\">\n\t\t\t\t<div class=\"elementor-widget-container\">\n\t\t\t\t\t\t\t\t\t\t\t\t\t\t\t<img loading=\"lazy\" decoding=\"async\" width=\"800\" height=\"468\" src=\"https:\/\/komsa.com.tr\/wp-content\/uploads\/2024\/07\/Resim6.png\" class=\"attachment-large size-large wp-image-4303\" alt=\"\" srcset=\"https:\/\/komsa.com.tr\/wp-content\/uploads\/2024\/07\/Resim6.png 1004w, https:\/\/komsa.com.tr\/wp-content\/uploads\/2024\/07\/Resim6-300x175.png 300w, https:\/\/komsa.com.tr\/wp-content\/uploads\/2024\/07\/Resim6-768x449.png 768w\" sizes=\"(max-width: 800px) 100vw, 800px\" \/>\t\t\t\t\t\t\t\t\t\t\t\t\t\t\t<\/div>\n\t\t\t\t<\/div>\n\t\t\t\t\t<\/div>\n\t\t<\/div>\n\t\t\t\t<div class=\"elementor-column elementor-col-50 elementor-top-column elementor-element elementor-element-86d3e6b\" data-id=\"86d3e6b\" data-element_type=\"column\">\n\t\t\t<div class=\"elementor-widget-wrap elementor-element-populated\">\n\t\t\t\t\t\t<div class=\"elementor-element elementor-element-51c2f40 elementor-widget elementor-widget-image\" data-id=\"51c2f40\" data-element_type=\"widget\" data-widget_type=\"image.default\">\n\t\t\t\t<div class=\"elementor-widget-container\">\n\t\t\t\t\t\t\t\t\t\t\t\t\t\t\t<img loading=\"lazy\" decoding=\"async\" width=\"800\" height=\"453\" src=\"https:\/\/komsa.com.tr\/wp-content\/uploads\/2024\/07\/Resim7.png\" class=\"attachment-large size-large wp-image-4304\" alt=\"\" srcset=\"https:\/\/komsa.com.tr\/wp-content\/uploads\/2024\/07\/Resim7.png 1004w, https:\/\/komsa.com.tr\/wp-content\/uploads\/2024\/07\/Resim7-300x170.png 300w, https:\/\/komsa.com.tr\/wp-content\/uploads\/2024\/07\/Resim7-768x435.png 768w\" sizes=\"(max-width: 800px) 100vw, 800px\" \/>\t\t\t\t\t\t\t\t\t\t\t\t\t\t\t<\/div>\n\t\t\t\t<\/div>\n\t\t\t\t\t<\/div>\n\t\t<\/div>\n\t\t\t\t\t<\/div>\n\t\t<\/section>\n\t\t\t\t<\/div>\n\t\t","protected":false},"excerpt":{"rendered":"<p>\u00dcstyap\u0131 Bak\u0131m-Onar\u0131m, Takviye Analizi ve Raporlanmas\u0131 KOMSA uzman teknik kadrosu ile Karayolu Yol \u00dcstyap\u0131lar\u0131 ve Havaalan\u0131 Kaplamalar\u0131nda yap\u0131lan laboratuvar ve tahribats\u0131z testlerin analizini yaparak mevcut durumun ortaya konulmas\u0131, sorunlu kesimlerin belirlenmesi ve \u00e7\u00f6z\u00fcm \u00f6nerilerinin olu\u015fturulmas\u0131 i\u015flemlerini i\u00e7eren Bak\u0131m-Onar\u0131m, Takviye analizlerinin yap\u0131lmas\u0131, kaplama tasar\u0131mlar\u0131n\u0131n yap\u0131lmas\u0131 ve raporlanmas\u0131 hizmetlerini sa\u011flamaktad\u0131r.<\/p>\n","protected":false},"author":2,"featured_media":0,"parent":0,"menu_order":0,"comment_status":"closed","ping_status":"closed","template":"","meta":{"footnotes":""},"class_list":["post-4144","page","type-page","status-publish","hentry"],"_links":{"self":[{"href":"https:\/\/komsa.com.tr\/index.php?rest_route=\/wp\/v2\/pages\/4144","targetHints":{"allow":["GET"]}}],"collection":[{"href":"https:\/\/komsa.com.tr\/index.php?rest_route=\/wp\/v2\/pages"}],"about":[{"href":"https:\/\/komsa.com.tr\/index.php?rest_route=\/wp\/v2\/types\/page"}],"author":[{"embeddable":true,"href":"https:\/\/komsa.com.tr\/index.php?rest_route=\/wp\/v2\/users\/2"}],"replies":[{"embeddable":true,"href":"https:\/\/komsa.com.tr\/index.php?rest_route=%2Fwp%2Fv2%2Fcomments&post=4144"}],"version-history":[{"count":37,"href":"https:\/\/komsa.com.tr\/index.php?rest_route=\/wp\/v2\/pages\/4144\/revisions"}],"predecessor-version":[{"id":4340,"href":"https:\/\/komsa.com.tr\/index.php?rest_route=\/wp\/v2\/pages\/4144\/revisions\/4340"}],"wp:attachment":[{"href":"https:\/\/komsa.com.tr\/index.php?rest_route=%2Fwp%2Fv2%2Fmedia&parent=4144"}],"curies":[{"name":"wp","href":"https:\/\/api.w.org\/{rel}","templated":true}]}}