{"id":4131,"date":"2024-06-28T15:17:06","date_gmt":"2024-06-28T15:17:06","guid":{"rendered":"https:\/\/komsa.com.tr\/?page_id=4131"},"modified":"2024-07-05T13:42:44","modified_gmt":"2024-07-05T13:42:44","slug":"surtunme-direnci-degerlerinin-belirlenmesi","status":"publish","type":"page","link":"https:\/\/komsa.com.tr\/?page_id=4131","title":{"rendered":"S\u00fcrt\u00fcnme Direnci De\u011ferlerinin Belirlenmesi"},"content":{"rendered":"\t\t<div data-elementor-type=\"wp-page\" data-elementor-id=\"4131\" class=\"elementor elementor-4131\" data-elementor-post-type=\"page\">\n\t\t\t\t\t\t<section class=\"elementor-section elementor-top-section elementor-element elementor-element-0979398 elementor-section-boxed elementor-section-height-default elementor-section-height-default\" data-id=\"0979398\" data-element_type=\"section\">\n\t\t\t\t\t\t<div class=\"elementor-container elementor-column-gap-default\">\n\t\t\t\t\t<div class=\"elementor-column elementor-col-100 elementor-top-column elementor-element elementor-element-94fcc80\" data-id=\"94fcc80\" data-element_type=\"column\">\n\t\t\t<div class=\"elementor-widget-wrap elementor-element-populated\">\n\t\t\t\t\t\t<div class=\"elementor-element elementor-element-377ca8b elementor-widget elementor-widget-heading\" data-id=\"377ca8b\" data-element_type=\"widget\" data-widget_type=\"heading.default\">\n\t\t\t\t<div class=\"elementor-widget-container\">\n\t\t\t\t\t<h1 class=\"elementor-heading-title elementor-size-medium\">Kayma Direnci De\u011ferlerinin Belirlenmesi <\/h1>\t\t\t\t<\/div>\n\t\t\t\t<\/div>\n\t\t\t\t\t<\/div>\n\t\t<\/div>\n\t\t\t\t\t<\/div>\n\t\t<\/section>\n\t\t\t\t<section class=\"elementor-section elementor-top-section elementor-element elementor-element-d235dd2 elementor-section-boxed elementor-section-height-default elementor-section-height-default\" data-id=\"d235dd2\" data-element_type=\"section\">\n\t\t\t\t\t\t<div class=\"elementor-container elementor-column-gap-default\">\n\t\t\t\t\t<div class=\"elementor-column elementor-col-100 elementor-top-column elementor-element elementor-element-151af33\" data-id=\"151af33\" data-element_type=\"column\">\n\t\t\t<div class=\"elementor-widget-wrap elementor-element-populated\">\n\t\t\t\t\t\t<div class=\"elementor-element elementor-element-4a80a4b elementor-widget elementor-widget-text-editor\" data-id=\"4a80a4b\" data-element_type=\"widget\" data-widget_type=\"text-editor.default\">\n\t\t\t\t<div class=\"elementor-widget-container\">\n\t\t\t\t\t\t\t\t\t<h5><strong>KOMSA<\/strong> ekipman park\u0131nda yer alan Griptester Mk2 cihaz\u0131 ile Karayolu \u00dcstyap\u0131lar\u0131 ve Havaalan\u0131 Kaplamalar\u0131nda CEN\/TS 15901-7 standard\u0131na g\u00f6re kayma direnci \u00f6l\u00e7\u00fcmleri yapmaktad\u0131r.<\/h5>\t\t\t\t\t\t\t\t<\/div>\n\t\t\t\t<\/div>\n\t\t\t\t\t<\/div>\n\t\t<\/div>\n\t\t\t\t\t<\/div>\n\t\t<\/section>\n\t\t\t\t<section class=\"elementor-section elementor-top-section elementor-element elementor-element-acedfe1 elementor-section-boxed elementor-section-height-default elementor-section-height-default\" data-id=\"acedfe1\" data-element_type=\"section\">\n\t\t\t\t\t\t<div class=\"elementor-container elementor-column-gap-default\">\n\t\t\t\t\t<div class=\"elementor-column elementor-col-100 elementor-top-column elementor-element elementor-element-0355514\" data-id=\"0355514\" data-element_type=\"column\">\n\t\t\t<div class=\"elementor-widget-wrap elementor-element-populated\">\n\t\t\t\t\t\t<div class=\"elementor-element elementor-element-31e03eb elementor-widget elementor-widget-image\" data-id=\"31e03eb\" data-element_type=\"widget\" data-widget_type=\"image.default\">\n\t\t\t\t<div class=\"elementor-widget-container\">\n\t\t\t\t\t\t\t\t\t\t\t\t\t\t\t<img fetchpriority=\"high\" decoding=\"async\" width=\"300\" height=\"243\" src=\"https:\/\/komsa.com.tr\/wp-content\/uploads\/2024\/06\/SUR1-300x243.png\" class=\"attachment-medium size-medium wp-image-4283\" alt=\"\" srcset=\"https:\/\/komsa.com.tr\/wp-content\/uploads\/2024\/06\/SUR1-300x243.png 300w, https:\/\/komsa.com.tr\/wp-content\/uploads\/2024\/06\/SUR1.png 635w\" sizes=\"(max-width: 300px) 100vw, 300px\" \/>\t\t\t\t\t\t\t\t\t\t\t\t\t\t\t<\/div>\n\t\t\t\t<\/div>\n\t\t\t\t\t<\/div>\n\t\t<\/div>\n\t\t\t\t\t<\/div>\n\t\t<\/section>\n\t\t\t\t<section class=\"elementor-section elementor-top-section elementor-element elementor-element-80afda4 elementor-section-boxed elementor-section-height-default elementor-section-height-default\" data-id=\"80afda4\" data-element_type=\"section\">\n\t\t\t\t\t\t<div class=\"elementor-container elementor-column-gap-default\">\n\t\t\t\t\t<div class=\"elementor-column elementor-col-100 elementor-top-column elementor-element elementor-element-4e2c942\" data-id=\"4e2c942\" data-element_type=\"column\">\n\t\t\t<div class=\"elementor-widget-wrap elementor-element-populated\">\n\t\t\t\t\t\t<div class=\"elementor-element elementor-element-309ac25 elementor-widget elementor-widget-text-editor\" data-id=\"309ac25\" data-element_type=\"widget\" data-widget_type=\"text-editor.default\">\n\t\t\t\t<div class=\"elementor-widget-container\">\n\t\t\t\t\t\t\t\t\t<p style=\"text-align: center;\"><em>Kayma Direnci \u00d6l\u00e7\u00fcm Cihaz\u0131<\/em><\/p>\t\t\t\t\t\t\t\t<\/div>\n\t\t\t\t<\/div>\n\t\t\t\t<div class=\"elementor-element elementor-element-6dbe2a1 elementor-widget elementor-widget-spacer\" data-id=\"6dbe2a1\" data-element_type=\"widget\" data-widget_type=\"spacer.default\">\n\t\t\t\t<div class=\"elementor-widget-container\">\n\t\t\t\t\t\t\t<div class=\"elementor-spacer\">\n\t\t\t<div class=\"elementor-spacer-inner\"><\/div>\n\t\t<\/div>\n\t\t\t\t\t\t<\/div>\n\t\t\t\t<\/div>\n\t\t\t\t\t<\/div>\n\t\t<\/div>\n\t\t\t\t\t<\/div>\n\t\t<\/section>\n\t\t\t\t<section class=\"elementor-section elementor-top-section elementor-element elementor-element-6123564 elementor-section-boxed elementor-section-height-default elementor-section-height-default\" data-id=\"6123564\" data-element_type=\"section\">\n\t\t\t\t\t\t<div class=\"elementor-container elementor-column-gap-default\">\n\t\t\t\t\t<div class=\"elementor-column elementor-col-100 elementor-top-column elementor-element elementor-element-7dc19ce\" data-id=\"7dc19ce\" data-element_type=\"column\">\n\t\t\t<div class=\"elementor-widget-wrap elementor-element-populated\">\n\t\t\t\t\t\t<div class=\"elementor-element elementor-element-511ba39 elementor-widget elementor-widget-image\" data-id=\"511ba39\" data-element_type=\"widget\" data-widget_type=\"image.default\">\n\t\t\t\t<div class=\"elementor-widget-container\">\n\t\t\t\t\t\t\t\t\t\t\t\t\t\t\t<img decoding=\"async\" width=\"605\" height=\"656\" src=\"https:\/\/komsa.com.tr\/wp-content\/uploads\/2024\/07\/aaaakayma.png\" class=\"attachment-large size-large wp-image-5134\" alt=\"\" srcset=\"https:\/\/komsa.com.tr\/wp-content\/uploads\/2024\/07\/aaaakayma.png 605w, https:\/\/komsa.com.tr\/wp-content\/uploads\/2024\/07\/aaaakayma-277x300.png 277w\" sizes=\"(max-width: 605px) 100vw, 605px\" \/>\t\t\t\t\t\t\t\t\t\t\t\t\t\t\t<\/div>\n\t\t\t\t<\/div>\n\t\t\t\t\t<\/div>\n\t\t<\/div>\n\t\t\t\t\t<\/div>\n\t\t<\/section>\n\t\t\t\t<section class=\"elementor-section elementor-top-section elementor-element elementor-element-e1ac445 elementor-section-boxed elementor-section-height-default elementor-section-height-default\" data-id=\"e1ac445\" data-element_type=\"section\">\n\t\t\t\t\t\t<div class=\"elementor-container elementor-column-gap-default\">\n\t\t\t\t\t<div class=\"elementor-column elementor-col-100 elementor-top-column elementor-element elementor-element-1071097\" data-id=\"1071097\" data-element_type=\"column\">\n\t\t\t<div class=\"elementor-widget-wrap elementor-element-populated\">\n\t\t\t\t\t\t<div class=\"elementor-element elementor-element-e751a10 elementor-widget elementor-widget-text-editor\" data-id=\"e751a10\" data-element_type=\"widget\" data-widget_type=\"text-editor.default\">\n\t\t\t\t<div class=\"elementor-widget-container\">\n\t\t\t\t\t\t\t\t\t<h5><strong>KOMSA<\/strong> CEN\/TS 15901-7 Kayma Direnci \u00d6l\u00e7\u00fcm Ekipman\u0131 y\u00fcksek tekrarlanabilirlik de\u011ferlerine sahip, yol y\u00fczeyinin kayma direncini dinamik olarak s\u00fcrekli \u00f6l\u00e7ebilen bir cihazd\u0131r.<\/h5><h5>Ekipman, \u0131slak ve kuru \u015fartlara g\u00f6re \u00f6l\u00e7\u00fcm yapabilir ve t\u00fcm yol tiplerinde kullan\u0131labilir. CEN\/TS 15901-7:2010 standartlar\u0131na uyumlu olarak \u00f6l\u00e7\u00fcm yapabilir ve \u00f6l\u00e7\u00fcm sonucu elde edilen veri ASTM E 274 Kayma Direnci Ekipman\u0131 ile korele edilebilir.<\/h5><h5>\u00d6l\u00e7\u00fcm esnas\u0131nda \u00f6l\u00e7\u00fcm tekeri tamamen kilitleme yerine ara\u00e7 h\u0131z\u0131ndan %15 oranda daha yava\u015f d\u00f6nd\u00fc\u011f\u00fc i\u00e7in, g\u00fcn\u00fcm\u00fcz teknolojisi ABS fren sistemlerini daha iyi sim\u00fcle ederek \u00f6l\u00e7\u00fcm yapmaktad\u0131r.<\/h5><h5>Araca entegre GPS sistemi ile elde edilen veriler analiz yaz\u0131l\u0131m\u0131 \u00fczerinde harita raporlama ile g\u00f6r\u00fcnt\u00fclenebilir, \u00dcstyap\u0131 Y\u00f6netim Sistemi yaz\u0131l\u0131mlar\u0131na entegre edilebilir.<\/h5><h5>Karayollar\u0131 Genel M\u00fcd\u00fcrl\u00fc\u011f\u00fc mevzuatlar\u0131na uygun itinerer raporlama haricinde, harita \u00fczerinde ve grafik g\u00f6sterim olarak rapor sunumlar\u0131 da haz\u0131rlanmaktad\u0131r.<\/h5>\t\t\t\t\t\t\t\t<\/div>\n\t\t\t\t<\/div>\n\t\t\t\t\t<\/div>\n\t\t<\/div>\n\t\t\t\t\t<\/div>\n\t\t<\/section>\n\t\t\t\t<section class=\"elementor-section elementor-top-section elementor-element elementor-element-8befc89 elementor-section-boxed elementor-section-height-default elementor-section-height-default\" data-id=\"8befc89\" data-element_type=\"section\">\n\t\t\t\t\t\t<div class=\"elementor-container elementor-column-gap-default\">\n\t\t\t\t\t<div class=\"elementor-column elementor-col-100 elementor-top-column elementor-element elementor-element-44e7ed5\" data-id=\"44e7ed5\" data-element_type=\"column\">\n\t\t\t<div class=\"elementor-widget-wrap elementor-element-populated\">\n\t\t\t\t\t\t<div class=\"elementor-element elementor-element-a40e9dc elementor-widget elementor-widget-image\" data-id=\"a40e9dc\" data-element_type=\"widget\" data-widget_type=\"image.default\">\n\t\t\t\t<div class=\"elementor-widget-container\">\n\t\t\t\t\t\t\t\t\t\t\t\t\t\t\t<img decoding=\"async\" width=\"800\" height=\"468\" src=\"https:\/\/komsa.com.tr\/wp-content\/uploads\/2024\/06\/SUR4.png\" class=\"attachment-large size-large wp-image-4286\" alt=\"\" srcset=\"https:\/\/komsa.com.tr\/wp-content\/uploads\/2024\/06\/SUR4.png 965w, https:\/\/komsa.com.tr\/wp-content\/uploads\/2024\/06\/SUR4-300x176.png 300w, https:\/\/komsa.com.tr\/wp-content\/uploads\/2024\/06\/SUR4-768x450.png 768w\" sizes=\"(max-width: 800px) 100vw, 800px\" \/>\t\t\t\t\t\t\t\t\t\t\t\t\t\t\t<\/div>\n\t\t\t\t<\/div>\n\t\t\t\t\t<\/div>\n\t\t<\/div>\n\t\t\t\t\t<\/div>\n\t\t<\/section>\n\t\t\t\t<section class=\"elementor-section elementor-top-section elementor-element elementor-element-db21fec elementor-section-boxed elementor-section-height-default elementor-section-height-default\" data-id=\"db21fec\" data-element_type=\"section\">\n\t\t\t\t\t\t<div class=\"elementor-container elementor-column-gap-default\">\n\t\t\t\t\t<div class=\"elementor-column elementor-col-100 elementor-top-column elementor-element elementor-element-8d1bd9f\" data-id=\"8d1bd9f\" data-element_type=\"column\">\n\t\t\t<div class=\"elementor-widget-wrap elementor-element-populated\">\n\t\t\t\t\t\t<div class=\"elementor-element elementor-element-ca35206 elementor-widget elementor-widget-text-editor\" data-id=\"ca35206\" data-element_type=\"widget\" data-widget_type=\"text-editor.default\">\n\t\t\t\t<div class=\"elementor-widget-container\">\n\t\t\t\t\t\t\t\t\t<p style=\"text-align: center;\"><em>Komsa Kayma Direnci \u00d6l\u00e7\u00fcm Ekipman\u0131 Analiz Raporu \u00d6rnek G\u00f6r\u00fcnt\u00fcleri<\/em><\/p>\t\t\t\t\t\t\t\t<\/div>\n\t\t\t\t<\/div>\n\t\t\t\t<div class=\"elementor-element elementor-element-ad0bd3f elementor-widget elementor-widget-spacer\" data-id=\"ad0bd3f\" data-element_type=\"widget\" data-widget_type=\"spacer.default\">\n\t\t\t\t<div class=\"elementor-widget-container\">\n\t\t\t\t\t\t\t<div class=\"elementor-spacer\">\n\t\t\t<div class=\"elementor-spacer-inner\"><\/div>\n\t\t<\/div>\n\t\t\t\t\t\t<\/div>\n\t\t\t\t<\/div>\n\t\t\t\t\t<\/div>\n\t\t<\/div>\n\t\t\t\t\t<\/div>\n\t\t<\/section>\n\t\t\t\t<\/div>\n\t\t","protected":false},"excerpt":{"rendered":"<p>Kayma Direnci De\u011ferlerinin Belirlenmesi KOMSA ekipman park\u0131nda yer alan Griptester Mk2 cihaz\u0131 ile Karayolu \u00dcstyap\u0131lar\u0131 ve Havaalan\u0131 Kaplamalar\u0131nda CEN\/TS 15901-7 standard\u0131na g\u00f6re kayma direnci \u00f6l\u00e7\u00fcmleri yapmaktad\u0131r. Kayma Direnci \u00d6l\u00e7\u00fcm Cihaz\u0131 KOMSA CEN\/TS 15901-7 Kayma Direnci \u00d6l\u00e7\u00fcm Ekipman\u0131 y\u00fcksek tekrarlanabilirlik de\u011ferlerine sahip, yol y\u00fczeyinin kayma direncini dinamik olarak s\u00fcrekli \u00f6l\u00e7ebilen bir cihazd\u0131r. Ekipman, \u0131slak ve kuru [&hellip;]<\/p>\n","protected":false},"author":2,"featured_media":0,"parent":0,"menu_order":0,"comment_status":"closed","ping_status":"closed","template":"","meta":{"footnotes":""},"class_list":["post-4131","page","type-page","status-publish","hentry"],"_links":{"self":[{"href":"https:\/\/komsa.com.tr\/index.php?rest_route=\/wp\/v2\/pages\/4131","targetHints":{"allow":["GET"]}}],"collection":[{"href":"https:\/\/komsa.com.tr\/index.php?rest_route=\/wp\/v2\/pages"}],"about":[{"href":"https:\/\/komsa.com.tr\/index.php?rest_route=\/wp\/v2\/types\/page"}],"author":[{"embeddable":true,"href":"https:\/\/komsa.com.tr\/index.php?rest_route=\/wp\/v2\/users\/2"}],"replies":[{"embeddable":true,"href":"https:\/\/komsa.com.tr\/index.php?rest_route=%2Fwp%2Fv2%2Fcomments&post=4131"}],"version-history":[{"count":16,"href":"https:\/\/komsa.com.tr\/index.php?rest_route=\/wp\/v2\/pages\/4131\/revisions"}],"predecessor-version":[{"id":5140,"href":"https:\/\/komsa.com.tr\/index.php?rest_route=\/wp\/v2\/pages\/4131\/revisions\/5140"}],"wp:attachment":[{"href":"https:\/\/komsa.com.tr\/index.php?rest_route=%2Fwp%2Fv2%2Fmedia&parent=4131"}],"curies":[{"name":"wp","href":"https:\/\/api.w.org\/{rel}","templated":true}]}}