{"id":3488,"date":"2024-06-27T11:11:48","date_gmt":"2024-06-27T11:11:48","guid":{"rendered":"https:\/\/komsa.com.tr\/?page_id=3488"},"modified":"2024-07-19T14:02:50","modified_gmt":"2024-07-19T14:02:50","slug":"ust-yapi-performansi-testleri-ve-analiz-hizmetleri","status":"publish","type":"page","link":"https:\/\/komsa.com.tr\/?page_id=3488","title":{"rendered":"\u00dcstyap\u0131 Performans\u0131 Testleri ve Analiz Hizmetleri"},"content":{"rendered":"\t\t<div data-elementor-type=\"wp-page\" data-elementor-id=\"3488\" class=\"elementor elementor-3488\" data-elementor-post-type=\"page\">\n\t\t\t\t<\/strong><\/span>\n<ul><\/ul>\n<\/li>\n<li><span style=\"color: #003366;\"><strong><a style=\"color: #003366;\" href=\"https:\/\/komsa.com.tr\/?page_id=4144\">\u00dcstyap\u0131 Bak\u0131m-Onar\u0131m, Takviye Analizi ve Raporlanmas\u0131<\/a><\/strong><\/span><\/li>\n<li><span style=\"color: #003366;\"><strong><a style=\"color: #003366;\" href=\"https:\/\/komsa.com.tr\/?page_id=4344\">\u00dcstyap\u0131 Y\u00f6netim Sistemleri Kurulumu ve \u0130\u015fletilmesi<\/a><\/strong><\/span><\/li>\n<li><span style=\"color: #003366;\"><strong><a style=\"color: #003366;\" href=\"https:\/\/komsa.com.tr\/?page_id=4377\">Yatay ve D\u00fc\u015fey Trafik \u0130\u015faretlerinin \u00d6l\u00e7\u00fcm\u00fc, De\u011ferlendirilmesi ve Raporlanmas\u0131<\/a><\/strong><\/span><\/li>\n<\/ul>\t\t\t\t\t\t\t\t<\/div>\n\t\t\t\t<\/div>\n\t\t\t\t\t<\/div>\n\t\t<\/div>\n\t\t\t\t\t<\/div>\n\t\t<\/section>\n\t\t\t\t<section class=\"elementor-section elementor-top-section elementor-element elementor-element-fa7b689 elementor-section-boxed elementor-section-height-default elementor-section-height-default\" data-id=\"fa7b689\" data-element_type=\"section\">\n\t\t\t\t\t\t<div class=\"elementor-container elementor-column-gap-default\">\n\t\t\t\t\t<div class=\"elementor-column elementor-col-100 elementor-top-column elementor-element elementor-element-fe76a88\" data-id=\"fe76a88\" data-element_type=\"column\">\n\t\t\t<div class=\"elementor-widget-wrap elementor-element-populated\">\n\t\t\t\t\t\t<div class=\"elementor-element elementor-element-d89e28e elementor-widget elementor-widget-heading\" data-id=\"d89e28e\" data-element_type=\"widget\" data-widget_type=\"heading.default\">\n\t\t\t\t<div class=\"elementor-widget-container\">\n\t\t\t\t\t<h1 class=\"elementor-heading-title elementor-size-large\">\u00dcstyap\u0131 Performans Testleri ve Analiz Hizmetleri<\/h1>\t\t\t\t<\/div>\n\t\t\t\t<\/div>\n\t\t\t\t\t<\/div>\n\t\t<\/div>\n\t\t\t\t\t<\/div>\n\t\t<\/section>\n\t\t\t\t<section class=\"elementor-section elementor-top-section elementor-element elementor-element-fb38d0f elementor-section-boxed elementor-section-height-default elementor-section-height-default\" data-id=\"fb38d0f\" data-element_type=\"section\">\n\t\t\t\t\t\t<div class=\"elementor-container elementor-column-gap-default\">\n\t\t\t\t\t<div class=\"elementor-column elementor-col-66 elementor-top-column elementor-element elementor-element-7aca551\" data-id=\"7aca551\" data-element_type=\"column\">\n\t\t\t<div class=\"elementor-widget-wrap elementor-element-populated\">\n\t\t\t\t\t\t<div class=\"elementor-element elementor-element-34ea380 elementor-widget elementor-widget-text-editor\" data-id=\"34ea380\" data-element_type=\"widget\" data-widget_type=\"text-editor.default\">\n\t\t\t\t<div class=\"elementor-widget-container\">\n\t\t\t\t\t\t\t\t\t<h5><span style=\"font-weight: bolder;\">KOMSA<\/span>\u00a0taraf\u0131ndan mevcut ve yeni yap\u0131lm\u0131\u015f karayolu \u00fcstyap\u0131lar\u0131 ve havaalan\u0131 kaplamalar\u0131nda tahribats\u0131z performans testleri yap\u0131larak sorunlu kesimler belirlenebilmekte ve bu kesimler i\u00e7in \u00e7\u00f6z\u00fcm \u00f6nerileri geli\u015ftirilebilmektedir.\u00a0<span style=\"font-weight: bolder;\">KOMSA<\/span>\u00a0bu kapsamda yurt d\u0131\u015f\u0131nda ve yurt i\u00e7inde \u00e7ok say\u0131da projede hizmet vermi\u015f olup bu hizmetlerine devam etmektedir.\u00a0<\/h5>\n<h5>Karayolu \u00dcstyap\u0131lar\u0131 ve Havaalan\u0131 Kaplamalar\u0131nda mevcut kaplaman\u0131n performans\u0131n\u0131n belirlenmesi amac\u0131yla uygulanmakta olan testler a\u015fa\u011f\u0131daki \u015femada g\u00f6sterilmi\u015ftir.<\/h5>\t\t\t\t\t\t\t\t<\/div>\n\t\t\t\t<\/div>\n\t\t\t\t\t<\/div>\n\t\t<\/div>\n\t\t\t\t<div class=\"elementor-column elementor-col-33 elementor-top-column elementor-element elementor-element-b02dad2\" data-id=\"b02dad2\" data-element_type=\"column\">\n\t\t\t<div class=\"elementor-widget-wrap elementor-element-populated\">\n\t\t\t\t\t\t<div data-ra-element-link=\"{&quot;url&quot;:&quot;https:\\\/\\\/komsa.com.tr\\\/?page_id=5486&quot;,&quot;is_external&quot;:&quot;on&quot;,&quot;nofollow&quot;:&quot;&quot;,&quot;custom_attributes&quot;:&quot;&quot;}\" style=\"cursor: pointer\" target=\"_blank\" onClick=\"window.open(&#039;https:\/\/komsa.com.tr\/?page_id=5486&#039;, &#039;_blank&#039;)\" class=\"elementor-element elementor-element-f2eddb8 elementor-align-center elementor-widget elementor-widget-button\" data-id=\"f2eddb8\" data-element_type=\"widget\" data-widget_type=\"button.default\">\n\t\t\t\t<div class=\"elementor-widget-container\">\n\t\t\t\t\t\t\t\t\t<div class=\"elementor-button-wrapper\">\n\t\t\t\t\t<a class=\"elementor-button elementor-button-link elementor-size-sm\" href=\"#\">\n\t\t\t\t\t\t<span class=\"elementor-button-content-wrapper\">\n\t\t\t\t\t\t<span class=\"elementor-button-icon\">\n\t\t\t\t<i aria-hidden=\"true\" class=\"far fa-arrow-alt-circle-right\"><\/i>\t\t\t<\/span>\n\t\t\t\t\t\t\t\t\t<span class=\"elementor-button-text\">Projeler<\/span>\n\t\t\t\t\t<\/span>\n\t\t\t\t\t<\/a>\n\t\t\t\t<\/div>\n\t\t\t\t\t\t\t\t<\/div>\n\t\t\t\t<\/div>\n\t\t\t\t\t<\/div>\n\t\t<\/div>\n\t\t\t\t\t<\/div>\n\t\t<\/section>\n\t\t\t\t<section class=\"elementor-section elementor-top-section elementor-element elementor-element-80494f2 elementor-section-boxed elementor-section-height-default elementor-section-height-default\" data-id=\"80494f2\" data-element_type=\"section\">\n\t\t\t\t\t\t<div class=\"elementor-container elementor-column-gap-default\">\n\t\t\t\t\t<div class=\"elementor-column elementor-col-100 elementor-top-column elementor-element elementor-element-7e39cfe\" data-id=\"7e39cfe\" data-element_type=\"column\">\n\t\t\t<div class=\"elementor-widget-wrap elementor-element-populated\">\n\t\t\t\t\t\t<div class=\"elementor-element elementor-element-705995e elementor-widget elementor-widget-image\" data-id=\"705995e\" data-element_type=\"widget\" data-widget_type=\"image.default\">\n\t\t\t\t<div class=\"elementor-widget-container\">\n\t\t\t\t\t\t\t\t\t\t\t\t\t\t\t<img decoding=\"async\" src=\"https:\/\/komsa.com.tr\/wp-content\/uploads\/elementor\/thumbs\/Resim1-1-qqgl60ts6lsmjwcllnx040l92xvff1tlywa8xr1oic.png\" title=\"Resim1\" alt=\"Resim1\" loading=\"lazy\" \/>\t\t\t\t\t\t\t\t\t\t\t\t\t\t\t<\/div>\n\t\t\t\t<\/div>\n\t\t\t\t\t<\/div>\n\t\t<\/div>\n\t\t\t\t\t<\/div>\n\t\t<\/section>\n\t\t\t\t<section class=\"elementor-section elementor-top-section elementor-element elementor-element-b77975d elementor-section-boxed elementor-section-height-default elementor-section-height-default\" data-id=\"b77975d\" data-element_type=\"section\">\n\t\t\t\t\t\t<div class=\"elementor-container elementor-column-gap-default\">\n\t\t\t\t\t<div class=\"elementor-column elementor-col-100 elementor-top-column elementor-element elementor-element-7f96401\" data-id=\"7f96401\" data-element_type=\"column\">\n\t\t\t<div class=\"elementor-widget-wrap elementor-element-populated\">\n\t\t\t\t\t\t<div class=\"elementor-element elementor-element-2bf7cef elementor-widget elementor-widget-text-editor\" data-id=\"2bf7cef\" data-element_type=\"widget\" data-widget_type=\"text-editor.default\">\n\t\t\t\t<div class=\"elementor-widget-container\">\n\t\t\t\t\t\t\t\t\t<ul>\n<li><span style=\"color: #003366;\"><strong><a style=\"color: #003366;\" href=\"https:\/\/komsa.com.tr\/?page_id=4105\">Defleksiyon \u00d6l\u00e7\u00fcmleri (FWD ve HWD ile) Analizi ve Raporlanmas\u0131<\/a><\/strong><\/span><\/li>\n<li><span style=\"color: #003366;\"><strong><a style=\"color: #003366;\" href=\"https:\/\/komsa.com.tr\/?page_id=4118\">Profilometre \u00d6l\u00e7\u00fcmleri, Analizi Raporlanmas\u0131 (T\u0130O ve IRI)<\/a><\/strong><\/span><\/li>\n<li><span style=\"color: #003366;\"><strong><a style=\"color: #003366;\" href=\"https:\/\/komsa.com.tr\/?page_id=4131\">Kayma Direnci De\u011ferlerinin Belirlenmesi<\/a><\/strong><\/span><span style=\"color: #003366;\"><strong><\/strong><\/span>\n<ul class=\"wp-block-list\"><!-- wp:list-item --><\/ul>\n<\/li>\n<li><span style=\"color: #003366;\"><strong><a style=\"color: #003366;\" href=\"https:\/\/komsa.com.tr\/?page_id=4144\">\u00dcstyap\u0131 Bak\u0131m-Onar\u0131m, Takviye Analizi ve Raporlanmas\u0131<\/a><\/strong><\/span><\/li>\n<li><span style=\"color: #003366;\"><strong><a style=\"color: #003366;\" href=\"https:\/\/komsa.com.tr\/?page_id=4344\">\u00dcstyap\u0131 Y\u00f6netim Sistemleri Kurulumu ve \u0130\u015fletilmesi<\/a><\/strong><\/span><\/li>\n<li><span style=\"color: #003366;\"><strong><a style=\"color: #003366;\" href=\"https:\/\/komsa.com.tr\/?page_id=4377\">Yatay ve D\u00fc\u015fey Trafik \u0130\u015faretlerinin \u00d6l\u00e7\u00fcm\u00fc, De\u011ferlendirilmesi ve Raporlanmas\u0131<\/a><\/strong><\/span><\/li>\n<\/ul>\t\t\t\t\t\t\t\t<\/div>\n\t\t\t\t<\/div>\n\t\t\t\t\t<\/div>\n\t\t<\/div>\n\t\t\t\t\t<\/div>\n\t\t<\/section>\n\t\t\t\t<\/div>\n\t\t","protected":false},"excerpt":{"rendered":"<p>\u00dcstyap\u0131 Performans Testleri ve Analiz Hizmetleri KOMSA\u00a0taraf\u0131ndan mevcut ve yeni yap\u0131lm\u0131\u015f karayolu \u00fcstyap\u0131lar\u0131 ve havaalan\u0131 kaplamalar\u0131nda tahribats\u0131z performans testleri yap\u0131larak sorunlu kesimler belirlenebilmekte ve bu kesimler i\u00e7in \u00e7\u00f6z\u00fcm \u00f6nerileri geli\u015ftirilebilmektedir.\u00a0KOMSA\u00a0bu kapsamda yurt d\u0131\u015f\u0131nda ve yurt i\u00e7inde \u00e7ok say\u0131da projede hizmet vermi\u015f olup bu hizmetlerine devam etmektedir.\u00a0 Karayolu \u00dcstyap\u0131lar\u0131 ve Havaalan\u0131 Kaplamalar\u0131nda mevcut kaplaman\u0131n performans\u0131n\u0131n belirlenmesi [&hellip;]<\/p>\n","protected":false},"author":2,"featured_media":0,"parent":0,"menu_order":0,"comment_status":"closed","ping_status":"closed","template":"","meta":{"footnotes":""},"class_list":["post-3488","page","type-page","status-publish","hentry"],"_links":{"self":[{"href":"https:\/\/komsa.com.tr\/index.php?rest_route=\/wp\/v2\/pages\/3488","targetHints":{"allow":["GET"]}}],"collection":[{"href":"https:\/\/komsa.com.tr\/index.php?rest_route=\/wp\/v2\/pages"}],"about":[{"href":"https:\/\/komsa.com.tr\/index.php?rest_route=\/wp\/v2\/types\/page"}],"author":[{"embeddable":true,"href":"https:\/\/komsa.com.tr\/index.php?rest_route=\/wp\/v2\/users\/2"}],"replies":[{"embeddable":true,"href":"https:\/\/komsa.com.tr\/index.php?rest_route=%2Fwp%2Fv2%2Fcomments&post=3488"}],"version-history":[{"count":62,"href":"https:\/\/komsa.com.tr\/index.php?rest_route=\/wp\/v2\/pages\/3488\/revisions"}],"predecessor-version":[{"id":6788,"href":"https:\/\/komsa.com.tr\/index.php?rest_route=\/wp\/v2\/pages\/3488\/revisions\/6788"}],"wp:attachment":[{"href":"https:\/\/komsa.com.tr\/index.php?rest_route=%2Fwp%2Fv2%2Fmedia&parent=3488"}],"curies":[{"name":"wp","href":"https:\/\/api.w.org\/{rel}","templated":true}]}}