{"id":3397,"date":"2024-06-27T08:31:30","date_gmt":"2024-06-27T08:31:30","guid":{"rendered":"https:\/\/komsa.com.tr\/?page_id=3397"},"modified":"2024-07-05T13:13:40","modified_gmt":"2024-07-05T13:13:40","slug":"isdemir-iskenderun-iron-and-steel-co-iskenderun-hatay-turkiye-4","status":"publish","type":"page","link":"https:\/\/komsa.com.tr\/?page_id=3397&lang=en","title":{"rendered":"\u0130SDEM\u0130R-\u0130skenderun Iron and Steel Co. \u2013 \u0130skenderun, Hatay, T\u00fcrkiye"},"content":{"rendered":"\t\t<div data-elementor-type=\"wp-page\" data-elementor-id=\"3397\" class=\"elementor elementor-3397\" data-elementor-post-type=\"page\">\n\t\t\t\t\t\t<section class=\"elementor-section elementor-top-section elementor-element elementor-element-c97933e elementor-section-boxed elementor-section-height-default elementor-section-height-default\" data-id=\"c97933e\" data-element_type=\"section\">\n\t\t\t\t\t\t<div class=\"elementor-container elementor-column-gap-default\">\n\t\t\t\t\t<div class=\"elementor-column elementor-col-100 elementor-top-column elementor-element elementor-element-87c381e\" data-id=\"87c381e\" data-element_type=\"column\">\n\t\t\t<div class=\"elementor-widget-wrap elementor-element-populated\">\n\t\t\t\t\t\t<div class=\"elementor-element elementor-element-1e208ae elementor-widget elementor-widget-text-editor\" data-id=\"1e208ae\" data-element_type=\"widget\" data-widget_type=\"text-editor.default\">\n\t\t\t\t<div class=\"elementor-widget-container\">\n\t\t\t\t\t\t\t\t\t<p><span style=\"color: #000000;\"><span style=\"font-weight: bolder;\">Employer\u00a0 \u00a0 \u00a0 \u00a0 \u00a0: \u0130SDEM\u0130R-\u0130skenderun Iron and Steel Co. \u2013 \u0130skenderun, Hatay, T\u00fcrkiye<\/span><\/span><\/p><p><span style=\"color: #000000;\">Project Name \u00a0 \u00a0 : Renewal of \u0130SDEM\u0130R A1 (No. 1) Dock Ore Unloading Cranes rails, Including All Underlying Works, Renewal of Railway Rails, Including All underlying Works and Renewal Of Dock concrete Pavement<\/span><\/p><p><span style=\"color: #000000;\">Start Date\u00a0 \u00a0 \u00a0 \u00a0 \u00a0 \u00a0: 2022<\/span><\/p><p><span style=\"color: #000000;\">Finish Date\u00a0 \u00a0 \u00a0 \u00a0 : 2023<\/span><\/p><p><span style=\"color: #000000;\">Scope of Work\u00a0 :\u00a0<\/span><\/p><p>\u00a0<\/p><p><span style=\"color: #000000;\">Concrete breaking, excavation and filling works, placement of anchor rods with epoxy-based chemicals, grouting, manufacturing and installation of under-rail plates, rail clips and rail pads, asphalt concrete binder layer and renewal of\u00a0 concrete dock pavement<\/span><\/p><p>\u00a0<\/p><p><span style=\"color: #000000;\">\u00a0\u00a0<span style=\"font-weight: bolder;\">1.<\/span> Manufacturing and Placement of Embedded Steel Elements (284.71 tons)<\/span><\/p><p><span style=\"color: #000000;\">\u00a0\u00a0<span style=\"font-weight: bolder;\">2.<\/span>\u00a0Concrete Drilling and Installation of Anchor Rods by Epoxy Material (3,141.08 m)<\/span><\/p><p><span style=\"color: #000000;\">\u00a0 <span style=\"font-weight: bolder;\">3.<\/span> Supply and Pouring Cement Based Grout and \u00a0C40 Self-levelling Concrete (200.50 cu.m)\u00a0 (164.82 cu.m)<\/span><\/p><p><span style=\"color: #000000;\">\u00a0\u00a0<span style=\"font-weight: bolder;\">4.<\/span> Demolish Reinforced Concrete (1,822.66 cu.m), Formwork (1.040,00 sq.m), Steel Mesh Reinforcement Supply and Installation (63,46 tons)\u00a0 and Concrete Pavement using C30\/37 Concrete (8,183.76 sq.m)<\/span><\/p><p><span style=\"color: #000000;\">\u00a0\u00a0<span style=\"font-weight: bolder;\">5.<\/span> Structural Steel Dismantling (558.11 tons)<\/span><\/p><p><span style=\"color: #000000;\">\u00a0\u00a0<span style=\"font-weight: bolder;\">6.<\/span> Installation of CR 73 Crane Rail (2,860.00 m)<\/span><\/p><p><span style=\"color: #000000;\">\u00a0\u00a0<span style=\"font-weight: bolder;\">7.<\/span> Installation of Rail Clips (11,400.00 nos)<\/span><\/p><p><span style=\"color: #000000;\">\u00a0\u00a0<span style=\"font-weight: bolder;\">8.<\/span>\u00a0Rail Pad Installation (1,900.00 m)<\/span><\/p><p><span style=\"color: #000000;\">\u00a0\u00a0<span style=\"font-weight: bolder;\">9.<\/span>\u00a0Aluminatermit Welding (138.00 nos)<\/span><\/p><p><span style=\"color: #000000;\">\u00a0\u00a0<span style=\"font-weight: bolder;\">10.<\/span> Manufacturing and Installation of Storm Lock\u00a0 (8.00 nos) and Installation of Storm Lock (60.00 nos)<\/span><\/p><p>\u00a0<\/p>\t\t\t\t\t\t\t\t<\/div>\n\t\t\t\t<\/div>\n\t\t\t\t\t<\/div>\n\t\t<\/div>\n\t\t\t\t\t<\/div>\n\t\t<\/section>\n\t\t\t\t<section class=\"elementor-section elementor-top-section elementor-element elementor-element-3db2114 elementor-section-boxed elementor-section-height-default elementor-section-height-default\" data-id=\"3db2114\" data-element_type=\"section\">\n\t\t\t\t\t\t<div class=\"elementor-container elementor-column-gap-default\">\n\t\t\t\t\t<div class=\"elementor-column elementor-col-50 elementor-top-column elementor-element elementor-element-2f7fe21\" data-id=\"2f7fe21\" data-element_type=\"column\">\n\t\t\t<div class=\"elementor-widget-wrap elementor-element-populated\">\n\t\t\t\t\t\t<div class=\"elementor-element elementor-element-064575e elementor-widget elementor-widget-image\" data-id=\"064575e\" data-element_type=\"widget\" data-widget_type=\"image.default\">\n\t\t\t\t<div class=\"elementor-widget-container\">\n\t\t\t\t\t\t\t\t\t\t\t\t\t\t\t<img decoding=\"async\" src=\"https:\/\/komsa.com.tr\/wp-content\/uploads\/elementor\/thumbs\/Resim1-qq9nap4cfvwcbub2x3rm3bq6m87exa62pqy022y4yc.webp\" title=\"Resim1\" alt=\"Resim1\" loading=\"lazy\" \/>\t\t\t\t\t\t\t\t\t\t\t\t\t\t\t<\/div>\n\t\t\t\t<\/div>\n\t\t\t\t\t<\/div>\n\t\t<\/div>\n\t\t\t\t<div class=\"elementor-column elementor-col-50 elementor-top-column elementor-element elementor-element-c6d3bfc\" data-id=\"c6d3bfc\" data-element_type=\"column\">\n\t\t\t<div class=\"elementor-widget-wrap elementor-element-populated\">\n\t\t\t\t\t\t<div class=\"elementor-element elementor-element-c373e9c elementor-widget elementor-widget-image\" data-id=\"c373e9c\" data-element_type=\"widget\" data-widget_type=\"image.default\">\n\t\t\t\t<div class=\"elementor-widget-container\">\n\t\t\t\t\t\t\t\t\t\t\t\t\t\t\t<img decoding=\"async\" src=\"https:\/\/komsa.com.tr\/wp-content\/uploads\/elementor\/thumbs\/Resim2-qq9navp7rq5cl41iuom02s2erxazf5w72nief0odqs.webp\" title=\"Resim2\" alt=\"Resim2\" loading=\"lazy\" \/>\t\t\t\t\t\t\t\t\t\t\t\t\t\t\t<\/div>\n\t\t\t\t<\/div>\n\t\t\t\t\t<\/div>\n\t\t<\/div>\n\t\t\t\t\t<\/div>\n\t\t<\/section>\n\t\t\t\t<section class=\"elementor-section elementor-top-section elementor-element elementor-element-cbadda1 elementor-section-boxed elementor-section-height-default elementor-section-height-default\" data-id=\"cbadda1\" data-element_type=\"section\">\n\t\t\t\t\t\t<div class=\"elementor-container elementor-column-gap-default\">\n\t\t\t\t\t<div class=\"elementor-column elementor-col-50 elementor-top-column elementor-element elementor-element-bc44ef6\" data-id=\"bc44ef6\" data-element_type=\"column\">\n\t\t\t<div class=\"elementor-widget-wrap elementor-element-populated\">\n\t\t\t\t\t\t<div class=\"elementor-element elementor-element-20200f9 elementor-widget elementor-widget-text-editor\" data-id=\"20200f9\" data-element_type=\"widget\" data-widget_type=\"text-editor.default\">\n\t\t\t\t<div class=\"elementor-widget-container\">\n\t\t\t\t\t\t\t\t\t<p style=\"text-align: center;\"><em>Welding Rails with Aluminatermit Welding Method<\/em><\/p>\t\t\t\t\t\t\t\t<\/div>\n\t\t\t\t<\/div>\n\t\t\t\t\t<\/div>\n\t\t<\/div>\n\t\t\t\t<div class=\"elementor-column elementor-col-50 elementor-top-column elementor-element elementor-element-e99a069\" data-id=\"e99a069\" data-element_type=\"column\">\n\t\t\t<div class=\"elementor-widget-wrap elementor-element-populated\">\n\t\t\t\t\t\t<div class=\"elementor-element elementor-element-1943f41 elementor-widget elementor-widget-text-editor\" data-id=\"1943f41\" data-element_type=\"widget\" data-widget_type=\"text-editor.default\">\n\t\t\t\t<div class=\"elementor-widget-container\">\n\t\t\t\t\t\t\t\t\t<p style=\"text-align: center;\"><em>Plate, Clip, Pad and Rail Mountings Completed, Crane Rails Ready for Under-Rail Grout Application<\/em><\/p>\t\t\t\t\t\t\t\t<\/div>\n\t\t\t\t<\/div>\n\t\t\t\t\t<\/div>\n\t\t<\/div>\n\t\t\t\t\t<\/div>\n\t\t<\/section>\n\t\t\t\t<section class=\"elementor-section elementor-top-section elementor-element elementor-element-3ec9e00 elementor-section-boxed elementor-section-height-default elementor-section-height-default\" data-id=\"3ec9e00\" data-element_type=\"section\">\n\t\t\t\t\t\t<div class=\"elementor-container elementor-column-gap-default\">\n\t\t\t\t\t<div class=\"elementor-column elementor-col-50 elementor-top-column elementor-element elementor-element-45ebde3\" data-id=\"45ebde3\" data-element_type=\"column\">\n\t\t\t<div class=\"elementor-widget-wrap elementor-element-populated\">\n\t\t\t\t\t\t<div class=\"elementor-element elementor-element-e4f2f32 elementor-widget elementor-widget-image\" data-id=\"e4f2f32\" data-element_type=\"widget\" data-widget_type=\"image.default\">\n\t\t\t\t<div class=\"elementor-widget-container\">\n\t\t\t\t\t\t\t\t\t\t\t\t\t\t\t<img decoding=\"async\" src=\"https:\/\/komsa.com.tr\/wp-content\/uploads\/elementor\/thumbs\/Resim3-1-qq9nb2a0nuucb9gxgjqqmqgxfpnlid5nk757il8n1c.webp\" title=\"Resim3\" alt=\"Resim3\" loading=\"lazy\" \/>\t\t\t\t\t\t\t\t\t\t\t\t\t\t\t<\/div>\n\t\t\t\t<\/div>\n\t\t\t\t\t<\/div>\n\t\t<\/div>\n\t\t\t\t<div class=\"elementor-column elementor-col-50 elementor-top-column elementor-element elementor-element-e219b58\" data-id=\"e219b58\" data-element_type=\"column\">\n\t\t\t<div class=\"elementor-widget-wrap elementor-element-populated\">\n\t\t\t\t\t\t<div class=\"elementor-element elementor-element-8c4d91f elementor-widget elementor-widget-image\" data-id=\"8c4d91f\" data-element_type=\"widget\" data-widget_type=\"image.default\">\n\t\t\t\t<div class=\"elementor-widget-container\">\n\t\t\t\t\t\t\t\t\t\t\t\t\t\t\t<img decoding=\"async\" src=\"https:\/\/komsa.com.tr\/wp-content\/uploads\/elementor\/thumbs\/Resim4-qq9nb53j8cy7a3cu02ymc7rb7v9p5ggukl3nyf4gio.webp\" title=\"Resim4\" alt=\"Resim4\" loading=\"lazy\" \/>\t\t\t\t\t\t\t\t\t\t\t\t\t\t\t<\/div>\n\t\t\t\t<\/div>\n\t\t\t\t\t<\/div>\n\t\t<\/div>\n\t\t\t\t\t<\/div>\n\t\t<\/section>\n\t\t\t\t<section class=\"elementor-section elementor-top-section elementor-element elementor-element-96d4daf elementor-section-boxed elementor-section-height-default elementor-section-height-default\" data-id=\"96d4daf\" data-element_type=\"section\">\n\t\t\t\t\t\t<div class=\"elementor-container elementor-column-gap-default\">\n\t\t\t\t\t<div class=\"elementor-column elementor-col-100 elementor-top-column elementor-element elementor-element-d6aae76\" data-id=\"d6aae76\" data-element_type=\"column\">\n\t\t\t<div class=\"elementor-widget-wrap elementor-element-populated\">\n\t\t\t\t\t\t<div class=\"elementor-element elementor-element-4b9ee94 elementor-widget elementor-widget-text-editor\" data-id=\"4b9ee94\" data-element_type=\"widget\" data-widget_type=\"text-editor.default\">\n\t\t\t\t<div class=\"elementor-widget-container\">\n\t\t\t\t\t\t\t\t\t<p style=\"text-align: center;\"><em>Application of Asphaltic Concrete Binder Between Rails and Completed Crane Rails<\/em><\/p>\t\t\t\t\t\t\t\t<\/div>\n\t\t\t\t<\/div>\n\t\t\t\t\t<\/div>\n\t\t<\/div>\n\t\t\t\t\t<\/div>\n\t\t<\/section>\n\t\t\t\t<\/div>\n\t\t","protected":false},"excerpt":{"rendered":"<p>Employer\u00a0 \u00a0 \u00a0 \u00a0 \u00a0: \u0130SDEM\u0130R-\u0130skenderun Iron and Steel Co. \u2013 \u0130skenderun, Hatay, T\u00fcrkiye Project Name \u00a0 \u00a0 : Renewal of \u0130SDEM\u0130R A1 (No. 1) Dock Ore Unloading Cranes rails, Including All Underlying Works, Renewal of Railway Rails, Including All underlying Works and Renewal Of Dock concrete Pavement Start Date\u00a0 \u00a0 \u00a0 \u00a0 \u00a0 \u00a0: [&hellip;]<\/p>\n","protected":false},"author":2,"featured_media":0,"parent":0,"menu_order":0,"comment_status":"closed","ping_status":"closed","template":"","meta":{"footnotes":""},"class_list":["post-3397","page","type-page","status-publish","hentry"],"_links":{"self":[{"href":"https:\/\/komsa.com.tr\/index.php?rest_route=\/wp\/v2\/pages\/3397","targetHints":{"allow":["GET"]}}],"collection":[{"href":"https:\/\/komsa.com.tr\/index.php?rest_route=\/wp\/v2\/pages"}],"about":[{"href":"https:\/\/komsa.com.tr\/index.php?rest_route=\/wp\/v2\/types\/page"}],"author":[{"embeddable":true,"href":"https:\/\/komsa.com.tr\/index.php?rest_route=\/wp\/v2\/users\/2"}],"replies":[{"embeddable":true,"href":"https:\/\/komsa.com.tr\/index.php?rest_route=%2Fwp%2Fv2%2Fcomments&post=3397"}],"version-history":[{"count":7,"href":"https:\/\/komsa.com.tr\/index.php?rest_route=\/wp\/v2\/pages\/3397\/revisions"}],"predecessor-version":[{"id":5113,"href":"https:\/\/komsa.com.tr\/index.php?rest_route=\/wp\/v2\/pages\/3397\/revisions\/5113"}],"wp:attachment":[{"href":"https:\/\/komsa.com.tr\/index.php?rest_route=%2Fwp%2Fv2%2Fmedia&parent=3397"}],"curies":[{"name":"wp","href":"https:\/\/api.w.org\/{rel}","templated":true}]}}